{"id":2019,"date":"2024-11-28T13:41:58","date_gmt":"2024-11-28T23:41:58","guid":{"rendered":"https:\/\/fenua-mataioa.com\/?post_type=product&#038;p=2019"},"modified":"2025-12-05T11:10:13","modified_gmt":"2025-12-05T21:10:13","slug":"journee-bien-etre","status":"publish","type":"product","link":"https:\/\/fenua-mataioa.com\/en\/product\/journee-bien-etre\/","title":{"rendered":"WELLNESS DAY"},"content":{"rendered":"<p>This offer includes a 90-minute duo massage.<br \/>\nAt the end of the massage, fruit cocktails and a fruit canoe will be served to you in your suite.<br \/>\nAnd to complete the well-being, the offer also includes a pack of 3 typically Polynesian beauty\/well-being products<br \/>\n<br \/>\n<strong>57,000 xpf for the couple<\/strong><\/p>","protected":false},"excerpt":{"rendered":"<p>Add an enchanting interlude to your stay with our WELL-BEING DAY offer<\/p>","protected":false},"featured_media":1839,"comment_status":"open","ping_status":"closed","template":"","meta":{"_acf_changed":false},"product_brand":[],"product_cat":[27],"product_tag":[],"class_list":{"0":"post-2019","1":"product","2":"type-product","3":"status-publish","4":"has-post-thumbnail","6":"product_cat-offres-speciales","8":"first","9":"instock","10":"shipping-taxable","11":"product-type-simple"},"acf":[],"yoast_head":"<!-- This site is optimized with the Yoast SEO plugin v27.5 - https:\/\/yoast.com\/product\/yoast-seo-wordpress\/ -->\n<title>JOURN\u00c9E BIEN-\u00caTRE - FENUA MATA I OA<\/title>\n<meta name=\"robots\" content=\"index, follow, max-snippet:-1, max-image-preview:large, max-video-preview:-1\" \/>\n<link rel=\"canonical\" href=\"https:\/\/fenua-mataioa.com\/en\/product\/journee-bien-etre\/\" \/>\n<meta property=\"og:locale\" content=\"en_US\" \/>\n<meta property=\"og:type\" content=\"article\" \/>\n<meta property=\"og:title\" content=\"JOURN\u00c9E BIEN-\u00caTRE - FENUA MATA I OA\" \/>\n<meta property=\"og:description\" content=\"Ajoutez une parenth\u00e8se enchant\u00e9e \u00e0 votre s\u00e9jour avec notre offre JOURNEE BIEN-\u00caTRE\" \/>\n<meta property=\"og:url\" content=\"https:\/\/fenua-mataioa.com\/en\/product\/journee-bien-etre\/\" \/>\n<meta property=\"og:site_name\" content=\"FENUA MATA I OA\" \/>\n<meta property=\"article:modified_time\" content=\"2025-12-05T21:10:13+00:00\" \/>\n<meta property=\"og:image\" content=\"https:\/\/fenua-mataioa.com\/wp-content\/uploads\/2024\/11\/4-Massages-et-soins-scaled-e1764969001343.jpg\" \/>\n\t<meta property=\"og:image:width\" content=\"2000\" \/>\n\t<meta property=\"og:image:height\" content=\"1250\" \/>\n\t<meta property=\"og:image:type\" content=\"image\/jpeg\" \/>\n<meta name=\"twitter:card\" content=\"summary_large_image\" \/>\n<meta name=\"twitter:label1\" content=\"Est. reading time\" \/>\n\t<meta name=\"twitter:data1\" content=\"1 minute\" \/>\n<script type=\"application\/ld+json\" class=\"yoast-schema-graph\">{\"@context\":\"https:\\\/\\\/schema.org\",\"@graph\":[{\"@type\":\"WebPage\",\"@id\":\"https:\\\/\\\/fenua-mataioa.com\\\/produit\\\/journee-bien-etre\\\/\",\"url\":\"https:\\\/\\\/fenua-mataioa.com\\\/produit\\\/journee-bien-etre\\\/\",\"name\":\"JOURN\u00c9E BIEN-\u00caTRE - FENUA MATA I OA\",\"isPartOf\":{\"@id\":\"https:\\\/\\\/fenua-mataioa.com\\\/#website\"},\"primaryImageOfPage\":{\"@id\":\"https:\\\/\\\/fenua-mataioa.com\\\/produit\\\/journee-bien-etre\\\/#primaryimage\"},\"image\":{\"@id\":\"https:\\\/\\\/fenua-mataioa.com\\\/produit\\\/journee-bien-etre\\\/#primaryimage\"},\"thumbnailUrl\":\"https:\\\/\\\/fenua-mataioa.com\\\/wp-content\\\/uploads\\\/2024\\\/11\\\/4-Massages-et-soins-scaled-e1764969001343.jpg\",\"datePublished\":\"2024-11-28T23:41:58+00:00\",\"dateModified\":\"2025-12-05T21:10:13+00:00\",\"breadcrumb\":{\"@id\":\"https:\\\/\\\/fenua-mataioa.com\\\/produit\\\/journee-bien-etre\\\/#breadcrumb\"},\"inLanguage\":\"en-US\",\"potentialAction\":[{\"@type\":\"ReadAction\",\"target\":[\"https:\\\/\\\/fenua-mataioa.com\\\/produit\\\/journee-bien-etre\\\/\"]}]},{\"@type\":\"ImageObject\",\"inLanguage\":\"en-US\",\"@id\":\"https:\\\/\\\/fenua-mataioa.com\\\/produit\\\/journee-bien-etre\\\/#primaryimage\",\"url\":\"https:\\\/\\\/fenua-mataioa.com\\\/wp-content\\\/uploads\\\/2024\\\/11\\\/4-Massages-et-soins-scaled-e1764969001343.jpg\",\"contentUrl\":\"https:\\\/\\\/fenua-mataioa.com\\\/wp-content\\\/uploads\\\/2024\\\/11\\\/4-Massages-et-soins-scaled-e1764969001343.jpg\",\"width\":2000,\"height\":1250,\"caption\":\"Thai Asian women get Thai massage at a luxury resort in Thailand.\"},{\"@type\":\"BreadcrumbList\",\"@id\":\"https:\\\/\\\/fenua-mataioa.com\\\/produit\\\/journee-bien-etre\\\/#breadcrumb\",\"itemListElement\":[{\"@type\":\"ListItem\",\"position\":1,\"name\":\"Accueil\",\"item\":\"https:\\\/\\\/fenua-mataioa.com\\\/\"},{\"@type\":\"ListItem\",\"position\":2,\"name\":\"Boutique\",\"item\":\"https:\\\/\\\/fenua-mataioa.com\\\/boutique\\\/\"},{\"@type\":\"ListItem\",\"position\":3,\"name\":\"JOURN\u00c9E BIEN-\u00caTRE\"}]},{\"@type\":\"WebSite\",\"@id\":\"https:\\\/\\\/fenua-mataioa.com\\\/#website\",\"url\":\"https:\\\/\\\/fenua-mataioa.com\\\/\",\"name\":\"FENUA MATA I OA\",\"description\":\"\",\"publisher\":{\"@id\":\"https:\\\/\\\/fenua-mataioa.com\\\/#organization\"},\"potentialAction\":[{\"@type\":\"SearchAction\",\"target\":{\"@type\":\"EntryPoint\",\"urlTemplate\":\"https:\\\/\\\/fenua-mataioa.com\\\/?s={search_term_string}\"},\"query-input\":{\"@type\":\"PropertyValueSpecification\",\"valueRequired\":true,\"valueName\":\"search_term_string\"}}],\"inLanguage\":\"en-US\"},{\"@type\":\"Organization\",\"@id\":\"https:\\\/\\\/fenua-mataioa.com\\\/#organization\",\"name\":\"FENUA MATA I OA\",\"url\":\"https:\\\/\\\/fenua-mataioa.com\\\/\",\"logo\":{\"@type\":\"ImageObject\",\"inLanguage\":\"en-US\",\"@id\":\"https:\\\/\\\/fenua-mataioa.com\\\/#\\\/schema\\\/logo\\\/image\\\/\",\"url\":\"https:\\\/\\\/fenua-mataioa.com\\\/wp-content\\\/uploads\\\/2020\\\/01\\\/logo.png\",\"contentUrl\":\"https:\\\/\\\/fenua-mataioa.com\\\/wp-content\\\/uploads\\\/2020\\\/01\\\/logo.png\",\"width\":250,\"height\":70,\"caption\":\"FENUA MATA I OA\"},\"image\":{\"@id\":\"https:\\\/\\\/fenua-mataioa.com\\\/#\\\/schema\\\/logo\\\/image\\\/\"}}]}<\/script>\n<!-- \/ Yoast SEO plugin. -->","yoast_head_json":{"title":"WELLNESS DAY - FENUA MATA I OA","robots":{"index":"index","follow":"follow","max-snippet":"max-snippet:-1","max-image-preview":"max-image-preview:large","max-video-preview":"max-video-preview:-1"},"canonical":"https:\/\/fenua-mataioa.com\/en\/product\/journee-bien-etre\/","og_locale":"en_US","og_type":"article","og_title":"JOURN\u00c9E BIEN-\u00caTRE - FENUA MATA I OA","og_description":"Ajoutez une parenth\u00e8se enchant\u00e9e \u00e0 votre s\u00e9jour avec notre offre JOURNEE BIEN-\u00caTRE","og_url":"https:\/\/fenua-mataioa.com\/en\/product\/journee-bien-etre\/","og_site_name":"FENUA MATA I OA","article_modified_time":"2025-12-05T21:10:13+00:00","og_image":[{"width":2000,"height":1250,"url":"https:\/\/fenua-mataioa.com\/wp-content\/uploads\/2024\/11\/4-Massages-et-soins-scaled-e1764969001343.jpg","type":"image\/jpeg"}],"twitter_card":"summary_large_image","twitter_misc":{"Est. reading time":"1 minute"},"schema":{"@context":"https:\/\/schema.org","@graph":[{"@type":"WebPage","@id":"https:\/\/fenua-mataioa.com\/produit\/journee-bien-etre\/","url":"https:\/\/fenua-mataioa.com\/produit\/journee-bien-etre\/","name":"WELLNESS DAY - FENUA MATA I OA","isPartOf":{"@id":"https:\/\/fenua-mataioa.com\/#website"},"primaryImageOfPage":{"@id":"https:\/\/fenua-mataioa.com\/produit\/journee-bien-etre\/#primaryimage"},"image":{"@id":"https:\/\/fenua-mataioa.com\/produit\/journee-bien-etre\/#primaryimage"},"thumbnailUrl":"https:\/\/fenua-mataioa.com\/wp-content\/uploads\/2024\/11\/4-Massages-et-soins-scaled-e1764969001343.jpg","datePublished":"2024-11-28T23:41:58+00:00","dateModified":"2025-12-05T21:10:13+00:00","breadcrumb":{"@id":"https:\/\/fenua-mataioa.com\/produit\/journee-bien-etre\/#breadcrumb"},"inLanguage":"en-US","potentialAction":[{"@type":"ReadAction","target":["https:\/\/fenua-mataioa.com\/produit\/journee-bien-etre\/"]}]},{"@type":"ImageObject","inLanguage":"en-US","@id":"https:\/\/fenua-mataioa.com\/produit\/journee-bien-etre\/#primaryimage","url":"https:\/\/fenua-mataioa.com\/wp-content\/uploads\/2024\/11\/4-Massages-et-soins-scaled-e1764969001343.jpg","contentUrl":"https:\/\/fenua-mataioa.com\/wp-content\/uploads\/2024\/11\/4-Massages-et-soins-scaled-e1764969001343.jpg","width":2000,"height":1250,"caption":"Thai Asian women get Thai massage at a luxury resort in Thailand."},{"@type":"BreadcrumbList","@id":"https:\/\/fenua-mataioa.com\/produit\/journee-bien-etre\/#breadcrumb","itemListElement":[{"@type":"ListItem","position":1,"name":"Accueil","item":"https:\/\/fenua-mataioa.com\/"},{"@type":"ListItem","position":2,"name":"Boutique","item":"https:\/\/fenua-mataioa.com\/boutique\/"},{"@type":"ListItem","position":3,"name":"JOURN\u00c9E BIEN-\u00caTRE"}]},{"@type":"WebSite","@id":"https:\/\/fenua-mataioa.com\/#website","url":"https:\/\/fenua-mataioa.com\/","name":"FENUA MATA I OA","description":"","publisher":{"@id":"https:\/\/fenua-mataioa.com\/#organization"},"potentialAction":[{"@type":"SearchAction","target":{"@type":"EntryPoint","urlTemplate":"https:\/\/fenua-mataioa.com\/?s={search_term_string}"},"query-input":{"@type":"PropertyValueSpecification","valueRequired":true,"valueName":"search_term_string"}}],"inLanguage":"en-US"},{"@type":"Organization","@id":"https:\/\/fenua-mataioa.com\/#organization","name":"FENUA MATA I OA","url":"https:\/\/fenua-mataioa.com\/","logo":{"@type":"ImageObject","inLanguage":"en-US","@id":"https:\/\/fenua-mataioa.com\/#\/schema\/logo\/image\/","url":"https:\/\/fenua-mataioa.com\/wp-content\/uploads\/2020\/01\/logo.png","contentUrl":"https:\/\/fenua-mataioa.com\/wp-content\/uploads\/2020\/01\/logo.png","width":250,"height":70,"caption":"FENUA MATA I OA"},"image":{"@id":"https:\/\/fenua-mataioa.com\/#\/schema\/logo\/image\/"}}]}},"_links":{"self":[{"href":"https:\/\/fenua-mataioa.com\/en\/wp-json\/wp\/v2\/product\/2019","targetHints":{"allow":["GET"]}}],"collection":[{"href":"https:\/\/fenua-mataioa.com\/en\/wp-json\/wp\/v2\/product"}],"about":[{"href":"https:\/\/fenua-mataioa.com\/en\/wp-json\/wp\/v2\/types\/product"}],"replies":[{"embeddable":true,"href":"https:\/\/fenua-mataioa.com\/en\/wp-json\/wp\/v2\/comments?post=2019"}],"wp:featuredmedia":[{"embeddable":true,"href":"https:\/\/fenua-mataioa.com\/en\/wp-json\/wp\/v2\/media\/1839"}],"wp:attachment":[{"href":"https:\/\/fenua-mataioa.com\/en\/wp-json\/wp\/v2\/media?parent=2019"}],"wp:term":[{"taxonomy":"product_brand","embeddable":true,"href":"https:\/\/fenua-mataioa.com\/en\/wp-json\/wp\/v2\/product_brand?post=2019"},{"taxonomy":"product_cat","embeddable":true,"href":"https:\/\/fenua-mataioa.com\/en\/wp-json\/wp\/v2\/product_cat?post=2019"},{"taxonomy":"product_tag","embeddable":true,"href":"https:\/\/fenua-mataioa.com\/en\/wp-json\/wp\/v2\/product_tag?post=2019"}],"curies":[{"name":"wp","href":"https:\/\/api.w.org\/{rel}","templated":true}]}}