{"id":1976,"date":"2024-11-13T15:50:50","date_gmt":"2024-11-14T01:50:50","guid":{"rendered":"https:\/\/fenua-mataioa.com\/?post_type=product&#038;p=1976"},"modified":"2025-02-07T14:22:31","modified_gmt":"2025-02-08T00:22:31","slug":"suite-deluxe-lagon","status":"publish","type":"product","link":"https:\/\/fenua-mataioa.com\/en\/product\/suite-deluxe-lagon\/","title":{"rendered":"Deluxe Lagoon Suite"},"content":{"rendered":"<p>The main asset of this suite is its magnificent terrace in front of the lagoon. Wherever you are, on the terrace, in the bedroom or the bathroom, it is a full lagoon view.<br \/>\nAn incredible super king size four poster bed in the master bedroom (lagoon view from the bed), en-suite bathroom with sunken floor bath, shower in a vertical garden.<br \/>\nThis extremely original and refined suite is spacious (total surface area of 80 m2).<br \/>\nIt is the ideal suite for honeymooners or lovers of all ages.<br \/>\nHowever, thanks to its connecting room, it will also delight families.<br \/>\nThe master bedroom of 45 m2 and terrace of 16 m2 is luxuriously furnished and decorated with king-size bed of 2m X 2m and lounge.<br \/>\nThe bathroom is very beautiful and very comfortable, with two sinks, large mirror, magnificent built-in bathtub and very beautiful rain shower, hairdryer, separate WC.<br \/>\nIt is air-conditioned, equipped with a telephone with private line, free very high-speed internet access, a mini-bar, a smart TV,<br \/>\nfree access to NETFLIX, PRIME VIDEO and MOLOTOV, a safe, a free tea-coffee kit, an iron and ironing board and spacious storage. Beautiful dressing room.<br \/>\nThe terrace is equipped with a very nice bar with sink, refrigerator, microwave, coffee maker, blender, egg cooker, toaster, dishes etc.<br \/>\nWith its adjoining 18 m2 bedroom equipped with a pretty bathroom with large Italian shower and a second WC, it can accommodate 1 or 2 additional people.<br \/>\nThis connecting room has the same equipment as the master bedroom.<br \/>\nVery high quality bedding and linens. (mattresses and mattress toppers and many pillows)<br \/>\nThe welcome products are typically Polynesian, based on monoi.<br \/>\nIt can accommodate up to 4 people.<\/p>","protected":false},"excerpt":{"rendered":"<p>The main asset of this suite is its magnificent terrace facing the lagoon. Wherever you are, on the terrace, in the bedroom or the bathroom, it is a full lagoon view. An incredible super king size four-poster bed in the master bedroom (lagoon view from the bed), a bathroom with a built-in bathtub, a shower in a vertical garden. This extremely original and refined suite is spacious (total surface area of 80 m2). It is the ideal suite for honeymooners or lovers of all ages. However, thanks to its connecting room, it will also delight families.<\/p>","protected":false},"featured_media":2900,"comment_status":"open","ping_status":"closed","template":"","meta":{"_acf_changed":false},"product_brand":[],"product_cat":[24],"product_tag":[],"class_list":{"0":"post-1976","1":"product","2":"type-product","3":"status-publish","4":"has-post-thumbnail","6":"product_cat-hebergements","8":"first","9":"instock","10":"shipping-taxable","11":"product-type-simple"},"acf":[],"yoast_head":"<!-- This site is optimized with the Yoast SEO plugin v27.5 - https:\/\/yoast.com\/product\/yoast-seo-wordpress\/ -->\n<title>Suite deluxe lagon - FENUA MATA I OA<\/title>\n<meta name=\"robots\" content=\"index, follow, max-snippet:-1, max-image-preview:large, max-video-preview:-1\" \/>\n<link rel=\"canonical\" href=\"https:\/\/fenua-mataioa.com\/en\/product\/suite-deluxe-lagon\/\" \/>\n<meta property=\"og:locale\" content=\"en_US\" \/>\n<meta property=\"og:type\" content=\"article\" \/>\n<meta property=\"og:title\" content=\"Suite deluxe lagon - FENUA MATA I OA\" \/>\n<meta property=\"og:description\" content=\"Le principal atout de cette suite, c\u2019est sa magnifique terrasse devant le lagon. O\u00f9 que l\u2019on se trouve, sur la terrasse, dans la chambre ou la salle de bain, c\u2019est une pleine vue lagon. Un incroyable lit \u00e0 baldaquin super king size dans la chambre principale (vue lagon depuis le lit), une salle de bains avec baignoire encastr\u00e9e au sol, une douche dans un jardin vertical. Cette suite extr\u00eamement originale et tout en raffinementest est spacieuse (surface totale de 80 m2). Elle est la suite id\u00e9ale pour les couples en voyage de noces ou les amoureux de tous \u00e2ges. Toutefois, gr\u00e2ce \u00e0 sa chambre communicante, elle fera aussi le bonheur des familles.\" \/>\n<meta property=\"og:url\" content=\"https:\/\/fenua-mataioa.com\/en\/product\/suite-deluxe-lagon\/\" \/>\n<meta property=\"og:site_name\" content=\"FENUA MATA I OA\" \/>\n<meta property=\"article:modified_time\" content=\"2025-02-08T00:22:31+00:00\" \/>\n<meta property=\"og:image\" content=\"https:\/\/fenua-mataioa.com\/wp-content\/uploads\/2024\/11\/Suite-deluxe-lagon-1.jpg\" \/>\n\t<meta property=\"og:image:width\" content=\"1536\" \/>\n\t<meta property=\"og:image:height\" content=\"1168\" \/>\n\t<meta property=\"og:image:type\" content=\"image\/jpeg\" \/>\n<meta name=\"twitter:card\" content=\"summary_large_image\" \/>\n<meta name=\"twitter:label1\" content=\"Est. reading time\" \/>\n\t<meta name=\"twitter:data1\" content=\"2 minutes\" \/>\n<script type=\"application\/ld+json\" class=\"yoast-schema-graph\">{\"@context\":\"https:\\\/\\\/schema.org\",\"@graph\":[{\"@type\":\"WebPage\",\"@id\":\"https:\\\/\\\/fenua-mataioa.com\\\/produit\\\/suite-deluxe-lagon\\\/\",\"url\":\"https:\\\/\\\/fenua-mataioa.com\\\/produit\\\/suite-deluxe-lagon\\\/\",\"name\":\"Suite deluxe lagon - FENUA MATA I OA\",\"isPartOf\":{\"@id\":\"https:\\\/\\\/fenua-mataioa.com\\\/#website\"},\"primaryImageOfPage\":{\"@id\":\"https:\\\/\\\/fenua-mataioa.com\\\/produit\\\/suite-deluxe-lagon\\\/#primaryimage\"},\"image\":{\"@id\":\"https:\\\/\\\/fenua-mataioa.com\\\/produit\\\/suite-deluxe-lagon\\\/#primaryimage\"},\"thumbnailUrl\":\"https:\\\/\\\/fenua-mataioa.com\\\/wp-content\\\/uploads\\\/2024\\\/11\\\/Suite-deluxe-lagon-1.jpg\",\"datePublished\":\"2024-11-14T01:50:50+00:00\",\"dateModified\":\"2025-02-08T00:22:31+00:00\",\"breadcrumb\":{\"@id\":\"https:\\\/\\\/fenua-mataioa.com\\\/produit\\\/suite-deluxe-lagon\\\/#breadcrumb\"},\"inLanguage\":\"en-US\",\"potentialAction\":[{\"@type\":\"ReadAction\",\"target\":[\"https:\\\/\\\/fenua-mataioa.com\\\/produit\\\/suite-deluxe-lagon\\\/\"]}]},{\"@type\":\"ImageObject\",\"inLanguage\":\"en-US\",\"@id\":\"https:\\\/\\\/fenua-mataioa.com\\\/produit\\\/suite-deluxe-lagon\\\/#primaryimage\",\"url\":\"https:\\\/\\\/fenua-mataioa.com\\\/wp-content\\\/uploads\\\/2024\\\/11\\\/Suite-deluxe-lagon-1.jpg\",\"contentUrl\":\"https:\\\/\\\/fenua-mataioa.com\\\/wp-content\\\/uploads\\\/2024\\\/11\\\/Suite-deluxe-lagon-1.jpg\",\"width\":1536,\"height\":1168},{\"@type\":\"BreadcrumbList\",\"@id\":\"https:\\\/\\\/fenua-mataioa.com\\\/produit\\\/suite-deluxe-lagon\\\/#breadcrumb\",\"itemListElement\":[{\"@type\":\"ListItem\",\"position\":1,\"name\":\"Accueil\",\"item\":\"https:\\\/\\\/fenua-mataioa.com\\\/\"},{\"@type\":\"ListItem\",\"position\":2,\"name\":\"Boutique\",\"item\":\"https:\\\/\\\/fenua-mataioa.com\\\/boutique\\\/\"},{\"@type\":\"ListItem\",\"position\":3,\"name\":\"Suite deluxe lagon\"}]},{\"@type\":\"WebSite\",\"@id\":\"https:\\\/\\\/fenua-mataioa.com\\\/#website\",\"url\":\"https:\\\/\\\/fenua-mataioa.com\\\/\",\"name\":\"FENUA MATA I OA\",\"description\":\"\",\"publisher\":{\"@id\":\"https:\\\/\\\/fenua-mataioa.com\\\/#organization\"},\"potentialAction\":[{\"@type\":\"SearchAction\",\"target\":{\"@type\":\"EntryPoint\",\"urlTemplate\":\"https:\\\/\\\/fenua-mataioa.com\\\/?s={search_term_string}\"},\"query-input\":{\"@type\":\"PropertyValueSpecification\",\"valueRequired\":true,\"valueName\":\"search_term_string\"}}],\"inLanguage\":\"en-US\"},{\"@type\":\"Organization\",\"@id\":\"https:\\\/\\\/fenua-mataioa.com\\\/#organization\",\"name\":\"FENUA MATA I OA\",\"url\":\"https:\\\/\\\/fenua-mataioa.com\\\/\",\"logo\":{\"@type\":\"ImageObject\",\"inLanguage\":\"en-US\",\"@id\":\"https:\\\/\\\/fenua-mataioa.com\\\/#\\\/schema\\\/logo\\\/image\\\/\",\"url\":\"https:\\\/\\\/fenua-mataioa.com\\\/wp-content\\\/uploads\\\/2020\\\/01\\\/logo.png\",\"contentUrl\":\"https:\\\/\\\/fenua-mataioa.com\\\/wp-content\\\/uploads\\\/2020\\\/01\\\/logo.png\",\"width\":250,\"height\":70,\"caption\":\"FENUA MATA I OA\"},\"image\":{\"@id\":\"https:\\\/\\\/fenua-mataioa.com\\\/#\\\/schema\\\/logo\\\/image\\\/\"}}]}<\/script>\n<!-- \/ Yoast SEO plugin. -->","yoast_head_json":{"title":"Deluxe Lagoon Suite - FENUA MATA I OA","robots":{"index":"index","follow":"follow","max-snippet":"max-snippet:-1","max-image-preview":"max-image-preview:large","max-video-preview":"max-video-preview:-1"},"canonical":"https:\/\/fenua-mataioa.com\/en\/product\/suite-deluxe-lagon\/","og_locale":"en_US","og_type":"article","og_title":"Suite deluxe lagon - FENUA MATA I OA","og_description":"Le principal atout de cette suite, c\u2019est sa magnifique terrasse devant le lagon. O\u00f9 que l\u2019on se trouve, sur la terrasse, dans la chambre ou la salle de bain, c\u2019est une pleine vue lagon. Un incroyable lit \u00e0 baldaquin super king size dans la chambre principale (vue lagon depuis le lit), une salle de bains avec baignoire encastr\u00e9e au sol, une douche dans un jardin vertical. Cette suite extr\u00eamement originale et tout en raffinementest est spacieuse (surface totale de 80 m2). Elle est la suite id\u00e9ale pour les couples en voyage de noces ou les amoureux de tous \u00e2ges. Toutefois, gr\u00e2ce \u00e0 sa chambre communicante, elle fera aussi le bonheur des familles.","og_url":"https:\/\/fenua-mataioa.com\/en\/product\/suite-deluxe-lagon\/","og_site_name":"FENUA MATA I OA","article_modified_time":"2025-02-08T00:22:31+00:00","og_image":[{"width":1536,"height":1168,"url":"https:\/\/fenua-mataioa.com\/wp-content\/uploads\/2024\/11\/Suite-deluxe-lagon-1.jpg","type":"image\/jpeg"}],"twitter_card":"summary_large_image","twitter_misc":{"Est. reading time":"2 minutes"},"schema":{"@context":"https:\/\/schema.org","@graph":[{"@type":"WebPage","@id":"https:\/\/fenua-mataioa.com\/produit\/suite-deluxe-lagon\/","url":"https:\/\/fenua-mataioa.com\/produit\/suite-deluxe-lagon\/","name":"Deluxe Lagoon Suite - FENUA MATA I OA","isPartOf":{"@id":"https:\/\/fenua-mataioa.com\/#website"},"primaryImageOfPage":{"@id":"https:\/\/fenua-mataioa.com\/produit\/suite-deluxe-lagon\/#primaryimage"},"image":{"@id":"https:\/\/fenua-mataioa.com\/produit\/suite-deluxe-lagon\/#primaryimage"},"thumbnailUrl":"https:\/\/fenua-mataioa.com\/wp-content\/uploads\/2024\/11\/Suite-deluxe-lagon-1.jpg","datePublished":"2024-11-14T01:50:50+00:00","dateModified":"2025-02-08T00:22:31+00:00","breadcrumb":{"@id":"https:\/\/fenua-mataioa.com\/produit\/suite-deluxe-lagon\/#breadcrumb"},"inLanguage":"en-US","potentialAction":[{"@type":"ReadAction","target":["https:\/\/fenua-mataioa.com\/produit\/suite-deluxe-lagon\/"]}]},{"@type":"ImageObject","inLanguage":"en-US","@id":"https:\/\/fenua-mataioa.com\/produit\/suite-deluxe-lagon\/#primaryimage","url":"https:\/\/fenua-mataioa.com\/wp-content\/uploads\/2024\/11\/Suite-deluxe-lagon-1.jpg","contentUrl":"https:\/\/fenua-mataioa.com\/wp-content\/uploads\/2024\/11\/Suite-deluxe-lagon-1.jpg","width":1536,"height":1168},{"@type":"BreadcrumbList","@id":"https:\/\/fenua-mataioa.com\/produit\/suite-deluxe-lagon\/#breadcrumb","itemListElement":[{"@type":"ListItem","position":1,"name":"Accueil","item":"https:\/\/fenua-mataioa.com\/"},{"@type":"ListItem","position":2,"name":"Boutique","item":"https:\/\/fenua-mataioa.com\/boutique\/"},{"@type":"ListItem","position":3,"name":"Suite deluxe lagon"}]},{"@type":"WebSite","@id":"https:\/\/fenua-mataioa.com\/#website","url":"https:\/\/fenua-mataioa.com\/","name":"FENUA MATA I OA","description":"","publisher":{"@id":"https:\/\/fenua-mataioa.com\/#organization"},"potentialAction":[{"@type":"SearchAction","target":{"@type":"EntryPoint","urlTemplate":"https:\/\/fenua-mataioa.com\/?s={search_term_string}"},"query-input":{"@type":"PropertyValueSpecification","valueRequired":true,"valueName":"search_term_string"}}],"inLanguage":"en-US"},{"@type":"Organization","@id":"https:\/\/fenua-mataioa.com\/#organization","name":"FENUA MATA I OA","url":"https:\/\/fenua-mataioa.com\/","logo":{"@type":"ImageObject","inLanguage":"en-US","@id":"https:\/\/fenua-mataioa.com\/#\/schema\/logo\/image\/","url":"https:\/\/fenua-mataioa.com\/wp-content\/uploads\/2020\/01\/logo.png","contentUrl":"https:\/\/fenua-mataioa.com\/wp-content\/uploads\/2020\/01\/logo.png","width":250,"height":70,"caption":"FENUA MATA I OA"},"image":{"@id":"https:\/\/fenua-mataioa.com\/#\/schema\/logo\/image\/"}}]}},"_links":{"self":[{"href":"https:\/\/fenua-mataioa.com\/en\/wp-json\/wp\/v2\/product\/1976","targetHints":{"allow":["GET"]}}],"collection":[{"href":"https:\/\/fenua-mataioa.com\/en\/wp-json\/wp\/v2\/product"}],"about":[{"href":"https:\/\/fenua-mataioa.com\/en\/wp-json\/wp\/v2\/types\/product"}],"replies":[{"embeddable":true,"href":"https:\/\/fenua-mataioa.com\/en\/wp-json\/wp\/v2\/comments?post=1976"}],"wp:featuredmedia":[{"embeddable":true,"href":"https:\/\/fenua-mataioa.com\/en\/wp-json\/wp\/v2\/media\/2900"}],"wp:attachment":[{"href":"https:\/\/fenua-mataioa.com\/en\/wp-json\/wp\/v2\/media?parent=1976"}],"wp:term":[{"taxonomy":"product_brand","embeddable":true,"href":"https:\/\/fenua-mataioa.com\/en\/wp-json\/wp\/v2\/product_brand?post=1976"},{"taxonomy":"product_cat","embeddable":true,"href":"https:\/\/fenua-mataioa.com\/en\/wp-json\/wp\/v2\/product_cat?post=1976"},{"taxonomy":"product_tag","embeddable":true,"href":"https:\/\/fenua-mataioa.com\/en\/wp-json\/wp\/v2\/product_tag?post=1976"}],"curies":[{"name":"wp","href":"https:\/\/api.w.org\/{rel}","templated":true}]}}