{"id":1974,"date":"2024-11-13T15:51:42","date_gmt":"2024-11-14T01:51:42","guid":{"rendered":"https:\/\/fenua-mataioa.com\/?post_type=product&#038;p=1974"},"modified":"2025-12-04T15:51:42","modified_gmt":"2025-12-05T01:51:42","slug":"suite-deluxe-romantique","status":"publish","type":"product","link":"https:\/\/fenua-mataioa.com\/en\/product\/suite-deluxe-romantique\/","title":{"rendered":"Romantic Deluxe Suite"},"content":{"rendered":"<p>A dream suite in a magical garden.<br \/>\nAn incredible four-poster bed made of teak root and precious wood, a bathroom with bathtub and shower in a vertical garden.<br \/>\nThis extremely original and refined suite is the ideal suite for honeymooners or lovers of all ages.<\/p>\n<p>This suite is spacious, luxuriously furnished and decorated with a king-size bed, bar and lounge area. .<br \/>\nThe bathroom is very beautiful and very comfortable, with two sinks, large mirror, magnificent bathtub and very beautiful rain shower, separate WC.<br \/>\nIt is air-conditioned, equipped with a telephone with private line, free very high-speed internet access, a mini-bar, a smart TV,<br \/>\nfree access to NETFLIX, PRIME VIDEO and MOLOTOV, a safe, a free tea-coffee kit, an ironing board and iron and spacious storage.<br \/>\nIt is equipped with a very nice bar with sink, refrigerator, microwave, coffee maker, blender, egg cooker, toaster, dishes etc.<br \/>\nVery high quality bedding and linens. (mattresses and mattress toppers and many pillows)<br \/>\nThe welcome products are typically Polynesian, based on monoi.<br \/>\nIt can accommodate 2 people.<\/p>","protected":false},"excerpt":{"rendered":"<p><span style=\"font-weight: 400\">A dream suite in a magical garden. An incredible four-poster bed made of teak root and precious wood, a bathroom with a bathtub and shower in a vertical garden. This extremely original and refined suite is ideal for honeymooning couples or lovers of all ages.\u00a0<\/span><span style=\"font-weight: 400\">\u00a0<\/span><\/p>","protected":false},"featured_media":2627,"comment_status":"open","ping_status":"closed","template":"","meta":{"_acf_changed":false},"product_brand":[],"product_cat":[24],"product_tag":[],"class_list":{"0":"post-1974","1":"product","2":"type-product","3":"status-publish","4":"has-post-thumbnail","6":"product_cat-hebergements","8":"first","9":"instock","10":"shipping-taxable","11":"product-type-simple"},"acf":[],"yoast_head":"<!-- This site is optimized with the Yoast SEO plugin v27.5 - https:\/\/yoast.com\/product\/yoast-seo-wordpress\/ -->\n<title>Suite deluxe romantique - FENUA MATA I OA<\/title>\n<meta name=\"robots\" content=\"index, follow, max-snippet:-1, max-image-preview:large, max-video-preview:-1\" \/>\n<link rel=\"canonical\" href=\"https:\/\/fenua-mataioa.com\/en\/product\/suite-deluxe-romantique\/\" \/>\n<meta property=\"og:locale\" content=\"en_US\" \/>\n<meta property=\"og:type\" content=\"article\" \/>\n<meta property=\"og:title\" content=\"Suite deluxe romantique - FENUA MATA I OA\" \/>\n<meta property=\"og:description\" content=\"Une suite de r\u00eave dans un jardin magique. Un incroyable lit \u00e0 baldaquin en racine de teck et bois pr\u00e9cieux, une salle de bains avec baignoire et douche dans un jardin vertical.Cette suite extr\u00eamement originale, tout en raffinement est la suite id\u00e9ale pour les couples en voyage de noces ou les amoureux de tous \u00e2ges.\u00a0\u00a0\" \/>\n<meta property=\"og:url\" content=\"https:\/\/fenua-mataioa.com\/en\/product\/suite-deluxe-romantique\/\" \/>\n<meta property=\"og:site_name\" content=\"FENUA MATA I OA\" \/>\n<meta property=\"article:modified_time\" content=\"2025-12-05T01:51:42+00:00\" \/>\n<meta property=\"og:image\" content=\"https:\/\/fenua-mataioa.com\/wp-content\/uploads\/2024\/11\/2-Toareva-14-scaled.jpeg\" \/>\n\t<meta property=\"og:image:width\" content=\"2560\" \/>\n\t<meta property=\"og:image:height\" content=\"1920\" \/>\n\t<meta property=\"og:image:type\" content=\"image\/jpeg\" \/>\n<meta name=\"twitter:card\" content=\"summary_large_image\" \/>\n<meta name=\"twitter:label1\" content=\"Est. reading time\" \/>\n\t<meta name=\"twitter:data1\" content=\"2 minutes\" \/>\n<script type=\"application\/ld+json\" class=\"yoast-schema-graph\">{\"@context\":\"https:\\\/\\\/schema.org\",\"@graph\":[{\"@type\":\"WebPage\",\"@id\":\"https:\\\/\\\/fenua-mataioa.com\\\/produit\\\/suite-deluxe-romantique\\\/\",\"url\":\"https:\\\/\\\/fenua-mataioa.com\\\/produit\\\/suite-deluxe-romantique\\\/\",\"name\":\"Suite deluxe romantique - FENUA MATA I OA\",\"isPartOf\":{\"@id\":\"https:\\\/\\\/fenua-mataioa.com\\\/#website\"},\"primaryImageOfPage\":{\"@id\":\"https:\\\/\\\/fenua-mataioa.com\\\/produit\\\/suite-deluxe-romantique\\\/#primaryimage\"},\"image\":{\"@id\":\"https:\\\/\\\/fenua-mataioa.com\\\/produit\\\/suite-deluxe-romantique\\\/#primaryimage\"},\"thumbnailUrl\":\"https:\\\/\\\/fenua-mataioa.com\\\/wp-content\\\/uploads\\\/2024\\\/11\\\/2-Toareva-14-scaled.jpeg\",\"datePublished\":\"2024-11-14T01:51:42+00:00\",\"dateModified\":\"2025-12-05T01:51:42+00:00\",\"breadcrumb\":{\"@id\":\"https:\\\/\\\/fenua-mataioa.com\\\/produit\\\/suite-deluxe-romantique\\\/#breadcrumb\"},\"inLanguage\":\"en-US\",\"potentialAction\":[{\"@type\":\"ReadAction\",\"target\":[\"https:\\\/\\\/fenua-mataioa.com\\\/produit\\\/suite-deluxe-romantique\\\/\"]}]},{\"@type\":\"ImageObject\",\"inLanguage\":\"en-US\",\"@id\":\"https:\\\/\\\/fenua-mataioa.com\\\/produit\\\/suite-deluxe-romantique\\\/#primaryimage\",\"url\":\"https:\\\/\\\/fenua-mataioa.com\\\/wp-content\\\/uploads\\\/2024\\\/11\\\/2-Toareva-14-scaled.jpeg\",\"contentUrl\":\"https:\\\/\\\/fenua-mataioa.com\\\/wp-content\\\/uploads\\\/2024\\\/11\\\/2-Toareva-14-scaled.jpeg\",\"width\":2560,\"height\":1920,\"caption\":\"rbsh\"},{\"@type\":\"BreadcrumbList\",\"@id\":\"https:\\\/\\\/fenua-mataioa.com\\\/produit\\\/suite-deluxe-romantique\\\/#breadcrumb\",\"itemListElement\":[{\"@type\":\"ListItem\",\"position\":1,\"name\":\"Accueil\",\"item\":\"https:\\\/\\\/fenua-mataioa.com\\\/\"},{\"@type\":\"ListItem\",\"position\":2,\"name\":\"Boutique\",\"item\":\"https:\\\/\\\/fenua-mataioa.com\\\/boutique\\\/\"},{\"@type\":\"ListItem\",\"position\":3,\"name\":\"Suite deluxe romantique\"}]},{\"@type\":\"WebSite\",\"@id\":\"https:\\\/\\\/fenua-mataioa.com\\\/#website\",\"url\":\"https:\\\/\\\/fenua-mataioa.com\\\/\",\"name\":\"FENUA MATA I OA\",\"description\":\"\",\"publisher\":{\"@id\":\"https:\\\/\\\/fenua-mataioa.com\\\/#organization\"},\"potentialAction\":[{\"@type\":\"SearchAction\",\"target\":{\"@type\":\"EntryPoint\",\"urlTemplate\":\"https:\\\/\\\/fenua-mataioa.com\\\/?s={search_term_string}\"},\"query-input\":{\"@type\":\"PropertyValueSpecification\",\"valueRequired\":true,\"valueName\":\"search_term_string\"}}],\"inLanguage\":\"en-US\"},{\"@type\":\"Organization\",\"@id\":\"https:\\\/\\\/fenua-mataioa.com\\\/#organization\",\"name\":\"FENUA MATA I OA\",\"url\":\"https:\\\/\\\/fenua-mataioa.com\\\/\",\"logo\":{\"@type\":\"ImageObject\",\"inLanguage\":\"en-US\",\"@id\":\"https:\\\/\\\/fenua-mataioa.com\\\/#\\\/schema\\\/logo\\\/image\\\/\",\"url\":\"https:\\\/\\\/fenua-mataioa.com\\\/wp-content\\\/uploads\\\/2020\\\/01\\\/logo.png\",\"contentUrl\":\"https:\\\/\\\/fenua-mataioa.com\\\/wp-content\\\/uploads\\\/2020\\\/01\\\/logo.png\",\"width\":250,\"height\":70,\"caption\":\"FENUA MATA I OA\"},\"image\":{\"@id\":\"https:\\\/\\\/fenua-mataioa.com\\\/#\\\/schema\\\/logo\\\/image\\\/\"}}]}<\/script>\n<!-- \/ Yoast SEO plugin. -->","yoast_head_json":{"title":"Romantic Deluxe Suite - FENUA MATA I OA","robots":{"index":"index","follow":"follow","max-snippet":"max-snippet:-1","max-image-preview":"max-image-preview:large","max-video-preview":"max-video-preview:-1"},"canonical":"https:\/\/fenua-mataioa.com\/en\/product\/suite-deluxe-romantique\/","og_locale":"en_US","og_type":"article","og_title":"Suite deluxe romantique - FENUA MATA I OA","og_description":"Une suite de r\u00eave dans un jardin magique. Un incroyable lit \u00e0 baldaquin en racine de teck et bois pr\u00e9cieux, une salle de bains avec baignoire et douche dans un jardin vertical.Cette suite extr\u00eamement originale, tout en raffinement est la suite id\u00e9ale pour les couples en voyage de noces ou les amoureux de tous \u00e2ges.\u00a0\u00a0","og_url":"https:\/\/fenua-mataioa.com\/en\/product\/suite-deluxe-romantique\/","og_site_name":"FENUA MATA I OA","article_modified_time":"2025-12-05T01:51:42+00:00","og_image":[{"width":2560,"height":1920,"url":"https:\/\/fenua-mataioa.com\/wp-content\/uploads\/2024\/11\/2-Toareva-14-scaled.jpeg","type":"image\/jpeg"}],"twitter_card":"summary_large_image","twitter_misc":{"Est. reading time":"2 minutes"},"schema":{"@context":"https:\/\/schema.org","@graph":[{"@type":"WebPage","@id":"https:\/\/fenua-mataioa.com\/produit\/suite-deluxe-romantique\/","url":"https:\/\/fenua-mataioa.com\/produit\/suite-deluxe-romantique\/","name":"Romantic Deluxe Suite - FENUA MATA I OA","isPartOf":{"@id":"https:\/\/fenua-mataioa.com\/#website"},"primaryImageOfPage":{"@id":"https:\/\/fenua-mataioa.com\/produit\/suite-deluxe-romantique\/#primaryimage"},"image":{"@id":"https:\/\/fenua-mataioa.com\/produit\/suite-deluxe-romantique\/#primaryimage"},"thumbnailUrl":"https:\/\/fenua-mataioa.com\/wp-content\/uploads\/2024\/11\/2-Toareva-14-scaled.jpeg","datePublished":"2024-11-14T01:51:42+00:00","dateModified":"2025-12-05T01:51:42+00:00","breadcrumb":{"@id":"https:\/\/fenua-mataioa.com\/produit\/suite-deluxe-romantique\/#breadcrumb"},"inLanguage":"en-US","potentialAction":[{"@type":"ReadAction","target":["https:\/\/fenua-mataioa.com\/produit\/suite-deluxe-romantique\/"]}]},{"@type":"ImageObject","inLanguage":"en-US","@id":"https:\/\/fenua-mataioa.com\/produit\/suite-deluxe-romantique\/#primaryimage","url":"https:\/\/fenua-mataioa.com\/wp-content\/uploads\/2024\/11\/2-Toareva-14-scaled.jpeg","contentUrl":"https:\/\/fenua-mataioa.com\/wp-content\/uploads\/2024\/11\/2-Toareva-14-scaled.jpeg","width":2560,"height":1920,"caption":"rbsh"},{"@type":"BreadcrumbList","@id":"https:\/\/fenua-mataioa.com\/produit\/suite-deluxe-romantique\/#breadcrumb","itemListElement":[{"@type":"ListItem","position":1,"name":"Accueil","item":"https:\/\/fenua-mataioa.com\/"},{"@type":"ListItem","position":2,"name":"Boutique","item":"https:\/\/fenua-mataioa.com\/boutique\/"},{"@type":"ListItem","position":3,"name":"Suite deluxe romantique"}]},{"@type":"WebSite","@id":"https:\/\/fenua-mataioa.com\/#website","url":"https:\/\/fenua-mataioa.com\/","name":"FENUA MATA I OA","description":"","publisher":{"@id":"https:\/\/fenua-mataioa.com\/#organization"},"potentialAction":[{"@type":"SearchAction","target":{"@type":"EntryPoint","urlTemplate":"https:\/\/fenua-mataioa.com\/?s={search_term_string}"},"query-input":{"@type":"PropertyValueSpecification","valueRequired":true,"valueName":"search_term_string"}}],"inLanguage":"en-US"},{"@type":"Organization","@id":"https:\/\/fenua-mataioa.com\/#organization","name":"FENUA MATA I OA","url":"https:\/\/fenua-mataioa.com\/","logo":{"@type":"ImageObject","inLanguage":"en-US","@id":"https:\/\/fenua-mataioa.com\/#\/schema\/logo\/image\/","url":"https:\/\/fenua-mataioa.com\/wp-content\/uploads\/2020\/01\/logo.png","contentUrl":"https:\/\/fenua-mataioa.com\/wp-content\/uploads\/2020\/01\/logo.png","width":250,"height":70,"caption":"FENUA MATA I OA"},"image":{"@id":"https:\/\/fenua-mataioa.com\/#\/schema\/logo\/image\/"}}]}},"_links":{"self":[{"href":"https:\/\/fenua-mataioa.com\/en\/wp-json\/wp\/v2\/product\/1974","targetHints":{"allow":["GET"]}}],"collection":[{"href":"https:\/\/fenua-mataioa.com\/en\/wp-json\/wp\/v2\/product"}],"about":[{"href":"https:\/\/fenua-mataioa.com\/en\/wp-json\/wp\/v2\/types\/product"}],"replies":[{"embeddable":true,"href":"https:\/\/fenua-mataioa.com\/en\/wp-json\/wp\/v2\/comments?post=1974"}],"wp:featuredmedia":[{"embeddable":true,"href":"https:\/\/fenua-mataioa.com\/en\/wp-json\/wp\/v2\/media\/2627"}],"wp:attachment":[{"href":"https:\/\/fenua-mataioa.com\/en\/wp-json\/wp\/v2\/media?parent=1974"}],"wp:term":[{"taxonomy":"product_brand","embeddable":true,"href":"https:\/\/fenua-mataioa.com\/en\/wp-json\/wp\/v2\/product_brand?post=1974"},{"taxonomy":"product_cat","embeddable":true,"href":"https:\/\/fenua-mataioa.com\/en\/wp-json\/wp\/v2\/product_cat?post=1974"},{"taxonomy":"product_tag","embeddable":true,"href":"https:\/\/fenua-mataioa.com\/en\/wp-json\/wp\/v2\/product_tag?post=1974"}],"curies":[{"name":"wp","href":"https:\/\/api.w.org\/{rel}","templated":true}]}}