{"id":1973,"date":"2024-11-13T15:45:43","date_gmt":"2024-11-14T01:45:43","guid":{"rendered":"https:\/\/fenua-mataioa.com\/?post_type=product&#038;p=1973"},"modified":"2026-02-21T10:00:32","modified_gmt":"2026-02-21T20:00:32","slug":"suite-superieure-vue-lagon","status":"publish","type":"product","link":"https:\/\/fenua-mataioa.com\/en\/product\/suite-superieure-vue-lagon\/","title":{"rendered":"Superior suite lagoon view"},"content":{"rendered":"<p>This is a magnificent apartment located on the upper floor, offering a magnificent lagoon view on one side and the canopy on the other.<br \/>\nVery spacious (80 m2), it is composed of a large bedroom enhanced by a superb plant wall, a superbly decorated living room, a large bathroom with two sinks, corner bathtub and rain shower, separate WC,<br \/>\na second living room with two sofas offering the possibility of occupancy for up to 4 people.<br \/>\nGreat lagoon view from the bed.<br \/>\nAnd to top it off, it has an interior terrace with garden and an extraordinary lagoon view.<br \/>\nVery high-quality bedding and linens. (mattresses and mattress toppers and numerous pillows)<br \/>\nThe second living room is equipped with a very nice bar with sink, refrigerator, microwave, coffee maker, blender, egg cooker, toaster, dishes etc.<br \/>\nThe welcome products are typically Polynesian, based on monoi.<br \/>\nIt is air-conditioned, equipped with a telephone with private line, very high-speed fiber internet access, a mini-bar, a smart TV, free access to NETFLIX, PRIME VIDEO and MOLOTOV, a safe,<br \/>\na free tea and coffee kit, an iron and ironing board and spacious storage.<br \/>\nIt can accommodate up to 4 people.<\/p>","protected":false},"excerpt":{"rendered":"<p>This is a magnificent apartment located on the upper floor offering a magnificent lagoon view on one side and the canopy on the other. Very spacious (80 m2), it is composed of a large bedroom enhanced by a superb green wall, a superbly decorated living room, a large bathroom with two sinks, corner bathtub and rain shower, separate toilet, a second living room with two sofas offering the possibility of occupancy for up to 4 people. Superb lagoon view from the bed. And to complete it, it benefits from an interior terrace with garden and always an extraordinary lagoon view.<\/p>","protected":false},"featured_media":2008,"comment_status":"open","ping_status":"closed","template":"","meta":{"_acf_changed":false},"product_brand":[],"product_cat":[24],"product_tag":[],"class_list":{"0":"post-1973","1":"product","2":"type-product","3":"status-publish","4":"has-post-thumbnail","6":"product_cat-hebergements","8":"first","9":"instock","10":"shipping-taxable","11":"product-type-simple"},"acf":[],"yoast_head":"<!-- This site is optimized with the Yoast SEO plugin v27.5 - https:\/\/yoast.com\/product\/yoast-seo-wordpress\/ -->\n<title>Suite sup\u00e9rieure vue lagon - FENUA MATA I OA<\/title>\n<meta name=\"robots\" content=\"index, follow, max-snippet:-1, max-image-preview:large, max-video-preview:-1\" \/>\n<link rel=\"canonical\" href=\"https:\/\/fenua-mataioa.com\/en\/product\/suite-superieure-vue-lagon\/\" \/>\n<meta property=\"og:locale\" content=\"en_US\" \/>\n<meta property=\"og:type\" content=\"article\" \/>\n<meta property=\"og:title\" content=\"Suite sup\u00e9rieure vue lagon - FENUA MATA I OA\" \/>\n<meta property=\"og:description\" content=\"C\u2019est un magnifique appartement situ\u00e9 en \u00e9tage offrant d\u2019un c\u00f4t\u00e9, une magnique vue lagon et de l\u2019autre la canop\u00e9e. Tr\u00e8s spacieuse (80 m2), elle est compos\u00e9e d\u2019une grande chambre magnifi\u00e9e par un superbe mur v\u00e9g\u00e9tal, d\u2019un salon superbement d\u00e9cor\u00e9, d\u2019une vaste salle de bains avec deux lavabos, baignoire d\u2019angle et douche effet pluie, WC s\u00e9par\u00e9s, d\u2019un deuxi\u00e8me salon avec deux canap\u00e9s offrant la possibilit\u00e9 d&#039;une occupation jusqu&#039;\u00e0 4 personnes. Superbe vue lagon depuis le lit. Et pour parfaire, elle b\u00e9n\u00e9ficie d\u2019une terrasse int\u00e9rieure avec jardin et toujours une extraordinaire vue lagon.\" \/>\n<meta property=\"og:url\" content=\"https:\/\/fenua-mataioa.com\/en\/product\/suite-superieure-vue-lagon\/\" \/>\n<meta property=\"og:site_name\" content=\"FENUA MATA I OA\" \/>\n<meta property=\"article:modified_time\" content=\"2026-02-21T20:00:32+00:00\" \/>\n<meta property=\"og:image\" content=\"https:\/\/fenua-mataioa.com\/wp-content\/uploads\/2024\/11\/Suite-superieure-vue-lagon.jpg\" \/>\n\t<meta property=\"og:image:width\" content=\"2048\" \/>\n\t<meta property=\"og:image:height\" content=\"1064\" \/>\n\t<meta property=\"og:image:type\" content=\"image\/jpeg\" \/>\n<meta name=\"twitter:card\" content=\"summary_large_image\" \/>\n<meta name=\"twitter:label1\" content=\"Est. reading time\" \/>\n\t<meta name=\"twitter:data1\" content=\"2 minutes\" \/>\n<script type=\"application\/ld+json\" class=\"yoast-schema-graph\">{\"@context\":\"https:\\\/\\\/schema.org\",\"@graph\":[{\"@type\":\"WebPage\",\"@id\":\"https:\\\/\\\/fenua-mataioa.com\\\/produit\\\/suite-superieure-vue-lagon\\\/\",\"url\":\"https:\\\/\\\/fenua-mataioa.com\\\/produit\\\/suite-superieure-vue-lagon\\\/\",\"name\":\"Suite sup\u00e9rieure vue lagon - FENUA MATA I OA\",\"isPartOf\":{\"@id\":\"https:\\\/\\\/fenua-mataioa.com\\\/#website\"},\"primaryImageOfPage\":{\"@id\":\"https:\\\/\\\/fenua-mataioa.com\\\/produit\\\/suite-superieure-vue-lagon\\\/#primaryimage\"},\"image\":{\"@id\":\"https:\\\/\\\/fenua-mataioa.com\\\/produit\\\/suite-superieure-vue-lagon\\\/#primaryimage\"},\"thumbnailUrl\":\"https:\\\/\\\/fenua-mataioa.com\\\/wp-content\\\/uploads\\\/2024\\\/11\\\/Suite-superieure-vue-lagon.jpg\",\"datePublished\":\"2024-11-14T01:45:43+00:00\",\"dateModified\":\"2026-02-21T20:00:32+00:00\",\"breadcrumb\":{\"@id\":\"https:\\\/\\\/fenua-mataioa.com\\\/produit\\\/suite-superieure-vue-lagon\\\/#breadcrumb\"},\"inLanguage\":\"en-US\",\"potentialAction\":[{\"@type\":\"ReadAction\",\"target\":[\"https:\\\/\\\/fenua-mataioa.com\\\/produit\\\/suite-superieure-vue-lagon\\\/\"]}]},{\"@type\":\"ImageObject\",\"inLanguage\":\"en-US\",\"@id\":\"https:\\\/\\\/fenua-mataioa.com\\\/produit\\\/suite-superieure-vue-lagon\\\/#primaryimage\",\"url\":\"https:\\\/\\\/fenua-mataioa.com\\\/wp-content\\\/uploads\\\/2024\\\/11\\\/Suite-superieure-vue-lagon.jpg\",\"contentUrl\":\"https:\\\/\\\/fenua-mataioa.com\\\/wp-content\\\/uploads\\\/2024\\\/11\\\/Suite-superieure-vue-lagon.jpg\",\"width\":2048,\"height\":1064},{\"@type\":\"BreadcrumbList\",\"@id\":\"https:\\\/\\\/fenua-mataioa.com\\\/produit\\\/suite-superieure-vue-lagon\\\/#breadcrumb\",\"itemListElement\":[{\"@type\":\"ListItem\",\"position\":1,\"name\":\"Accueil\",\"item\":\"https:\\\/\\\/fenua-mataioa.com\\\/\"},{\"@type\":\"ListItem\",\"position\":2,\"name\":\"Boutique\",\"item\":\"https:\\\/\\\/fenua-mataioa.com\\\/boutique\\\/\"},{\"@type\":\"ListItem\",\"position\":3,\"name\":\"Suite sup\u00e9rieure vue lagon\"}]},{\"@type\":\"WebSite\",\"@id\":\"https:\\\/\\\/fenua-mataioa.com\\\/#website\",\"url\":\"https:\\\/\\\/fenua-mataioa.com\\\/\",\"name\":\"FENUA MATA I OA\",\"description\":\"\",\"publisher\":{\"@id\":\"https:\\\/\\\/fenua-mataioa.com\\\/#organization\"},\"potentialAction\":[{\"@type\":\"SearchAction\",\"target\":{\"@type\":\"EntryPoint\",\"urlTemplate\":\"https:\\\/\\\/fenua-mataioa.com\\\/?s={search_term_string}\"},\"query-input\":{\"@type\":\"PropertyValueSpecification\",\"valueRequired\":true,\"valueName\":\"search_term_string\"}}],\"inLanguage\":\"en-US\"},{\"@type\":\"Organization\",\"@id\":\"https:\\\/\\\/fenua-mataioa.com\\\/#organization\",\"name\":\"FENUA MATA I OA\",\"url\":\"https:\\\/\\\/fenua-mataioa.com\\\/\",\"logo\":{\"@type\":\"ImageObject\",\"inLanguage\":\"en-US\",\"@id\":\"https:\\\/\\\/fenua-mataioa.com\\\/#\\\/schema\\\/logo\\\/image\\\/\",\"url\":\"https:\\\/\\\/fenua-mataioa.com\\\/wp-content\\\/uploads\\\/2020\\\/01\\\/logo.png\",\"contentUrl\":\"https:\\\/\\\/fenua-mataioa.com\\\/wp-content\\\/uploads\\\/2020\\\/01\\\/logo.png\",\"width\":250,\"height\":70,\"caption\":\"FENUA MATA I OA\"},\"image\":{\"@id\":\"https:\\\/\\\/fenua-mataioa.com\\\/#\\\/schema\\\/logo\\\/image\\\/\"}}]}<\/script>\n<!-- \/ Yoast SEO plugin. -->","yoast_head_json":{"title":"Superior Suite with Lagoon View - FENUA MATA I OA","robots":{"index":"index","follow":"follow","max-snippet":"max-snippet:-1","max-image-preview":"max-image-preview:large","max-video-preview":"max-video-preview:-1"},"canonical":"https:\/\/fenua-mataioa.com\/en\/product\/suite-superieure-vue-lagon\/","og_locale":"en_US","og_type":"article","og_title":"Suite sup\u00e9rieure vue lagon - FENUA MATA I OA","og_description":"C\u2019est un magnifique appartement situ\u00e9 en \u00e9tage offrant d\u2019un c\u00f4t\u00e9, une magnique vue lagon et de l\u2019autre la canop\u00e9e. Tr\u00e8s spacieuse (80 m2), elle est compos\u00e9e d\u2019une grande chambre magnifi\u00e9e par un superbe mur v\u00e9g\u00e9tal, d\u2019un salon superbement d\u00e9cor\u00e9, d\u2019une vaste salle de bains avec deux lavabos, baignoire d\u2019angle et douche effet pluie, WC s\u00e9par\u00e9s, d\u2019un deuxi\u00e8me salon avec deux canap\u00e9s offrant la possibilit\u00e9 d'une occupation jusqu'\u00e0 4 personnes. Superbe vue lagon depuis le lit. Et pour parfaire, elle b\u00e9n\u00e9ficie d\u2019une terrasse int\u00e9rieure avec jardin et toujours une extraordinaire vue lagon.","og_url":"https:\/\/fenua-mataioa.com\/en\/product\/suite-superieure-vue-lagon\/","og_site_name":"FENUA MATA I OA","article_modified_time":"2026-02-21T20:00:32+00:00","og_image":[{"width":2048,"height":1064,"url":"https:\/\/fenua-mataioa.com\/wp-content\/uploads\/2024\/11\/Suite-superieure-vue-lagon.jpg","type":"image\/jpeg"}],"twitter_card":"summary_large_image","twitter_misc":{"Est. reading time":"2 minutes"},"schema":{"@context":"https:\/\/schema.org","@graph":[{"@type":"WebPage","@id":"https:\/\/fenua-mataioa.com\/produit\/suite-superieure-vue-lagon\/","url":"https:\/\/fenua-mataioa.com\/produit\/suite-superieure-vue-lagon\/","name":"Superior Suite with Lagoon View - FENUA MATA I OA","isPartOf":{"@id":"https:\/\/fenua-mataioa.com\/#website"},"primaryImageOfPage":{"@id":"https:\/\/fenua-mataioa.com\/produit\/suite-superieure-vue-lagon\/#primaryimage"},"image":{"@id":"https:\/\/fenua-mataioa.com\/produit\/suite-superieure-vue-lagon\/#primaryimage"},"thumbnailUrl":"https:\/\/fenua-mataioa.com\/wp-content\/uploads\/2024\/11\/Suite-superieure-vue-lagon.jpg","datePublished":"2024-11-14T01:45:43+00:00","dateModified":"2026-02-21T20:00:32+00:00","breadcrumb":{"@id":"https:\/\/fenua-mataioa.com\/produit\/suite-superieure-vue-lagon\/#breadcrumb"},"inLanguage":"en-US","potentialAction":[{"@type":"ReadAction","target":["https:\/\/fenua-mataioa.com\/produit\/suite-superieure-vue-lagon\/"]}]},{"@type":"ImageObject","inLanguage":"en-US","@id":"https:\/\/fenua-mataioa.com\/produit\/suite-superieure-vue-lagon\/#primaryimage","url":"https:\/\/fenua-mataioa.com\/wp-content\/uploads\/2024\/11\/Suite-superieure-vue-lagon.jpg","contentUrl":"https:\/\/fenua-mataioa.com\/wp-content\/uploads\/2024\/11\/Suite-superieure-vue-lagon.jpg","width":2048,"height":1064},{"@type":"BreadcrumbList","@id":"https:\/\/fenua-mataioa.com\/produit\/suite-superieure-vue-lagon\/#breadcrumb","itemListElement":[{"@type":"ListItem","position":1,"name":"Accueil","item":"https:\/\/fenua-mataioa.com\/"},{"@type":"ListItem","position":2,"name":"Boutique","item":"https:\/\/fenua-mataioa.com\/boutique\/"},{"@type":"ListItem","position":3,"name":"Suite sup\u00e9rieure vue lagon"}]},{"@type":"WebSite","@id":"https:\/\/fenua-mataioa.com\/#website","url":"https:\/\/fenua-mataioa.com\/","name":"FENUA MATA I OA","description":"","publisher":{"@id":"https:\/\/fenua-mataioa.com\/#organization"},"potentialAction":[{"@type":"SearchAction","target":{"@type":"EntryPoint","urlTemplate":"https:\/\/fenua-mataioa.com\/?s={search_term_string}"},"query-input":{"@type":"PropertyValueSpecification","valueRequired":true,"valueName":"search_term_string"}}],"inLanguage":"en-US"},{"@type":"Organization","@id":"https:\/\/fenua-mataioa.com\/#organization","name":"FENUA MATA I OA","url":"https:\/\/fenua-mataioa.com\/","logo":{"@type":"ImageObject","inLanguage":"en-US","@id":"https:\/\/fenua-mataioa.com\/#\/schema\/logo\/image\/","url":"https:\/\/fenua-mataioa.com\/wp-content\/uploads\/2020\/01\/logo.png","contentUrl":"https:\/\/fenua-mataioa.com\/wp-content\/uploads\/2020\/01\/logo.png","width":250,"height":70,"caption":"FENUA MATA I OA"},"image":{"@id":"https:\/\/fenua-mataioa.com\/#\/schema\/logo\/image\/"}}]}},"_links":{"self":[{"href":"https:\/\/fenua-mataioa.com\/en\/wp-json\/wp\/v2\/product\/1973","targetHints":{"allow":["GET"]}}],"collection":[{"href":"https:\/\/fenua-mataioa.com\/en\/wp-json\/wp\/v2\/product"}],"about":[{"href":"https:\/\/fenua-mataioa.com\/en\/wp-json\/wp\/v2\/types\/product"}],"replies":[{"embeddable":true,"href":"https:\/\/fenua-mataioa.com\/en\/wp-json\/wp\/v2\/comments?post=1973"}],"wp:featuredmedia":[{"embeddable":true,"href":"https:\/\/fenua-mataioa.com\/en\/wp-json\/wp\/v2\/media\/2008"}],"wp:attachment":[{"href":"https:\/\/fenua-mataioa.com\/en\/wp-json\/wp\/v2\/media?parent=1973"}],"wp:term":[{"taxonomy":"product_brand","embeddable":true,"href":"https:\/\/fenua-mataioa.com\/en\/wp-json\/wp\/v2\/product_brand?post=1973"},{"taxonomy":"product_cat","embeddable":true,"href":"https:\/\/fenua-mataioa.com\/en\/wp-json\/wp\/v2\/product_cat?post=1973"},{"taxonomy":"product_tag","embeddable":true,"href":"https:\/\/fenua-mataioa.com\/en\/wp-json\/wp\/v2\/product_tag?post=1973"}],"curies":[{"name":"wp","href":"https:\/\/api.w.org\/{rel}","templated":true}]}}