{"id":2994,"date":"2025-07-09T09:09:29","date_gmt":"2025-07-09T19:09:29","guid":{"rendered":"https:\/\/fenua-mataioa.com\/?page_id=2994"},"modified":"2025-12-26T11:45:46","modified_gmt":"2025-12-26T21:45:46","slug":"activites-2","status":"publish","type":"page","link":"https:\/\/fenua-mataioa.com\/en\/activites-2\/","title":{"rendered":"Activities"},"content":{"rendered":"<div data-elementor-type=\"wp-page\" data-elementor-id=\"2994\" class=\"elementor elementor-2994\" data-elementor-post-type=\"page\">\n\t\t\t\t<div data-particle_enable=\"false\" data-particle-mobile-disabled=\"false\" class=\"elementor-element elementor-element-4e0eeb4 e-con-full e-flex e-con e-parent\" data-id=\"4e0eeb4\" data-element_type=\"container\" data-e-type=\"container\">\n\t\t\t\t<div class=\"elementor-element elementor-element-550fb56 elementor-arrows-position-inside elementor-widget elementor-widget-image-carousel\" data-id=\"550fb56\" data-element_type=\"widget\" data-e-type=\"widget\" data-settings=\"{&quot;slides_to_show&quot;:&quot;1&quot;,&quot;navigation&quot;:&quot;arrows&quot;,&quot;effect&quot;:&quot;fade&quot;,&quot;autoplay&quot;:&quot;yes&quot;,&quot;pause_on_hover&quot;:&quot;yes&quot;,&quot;pause_on_interaction&quot;:&quot;yes&quot;,&quot;autoplay_speed&quot;:5000,&quot;infinite&quot;:&quot;yes&quot;,&quot;speed&quot;:500}\" data-widget_type=\"image-carousel.default\">\n\t\t\t\t<div class=\"elementor-widget-container\">\n\t\t\t\t\t\t\t<div class=\"elementor-image-carousel-wrapper swiper\" role=\"region\" aria-roledescription=\"carousel\" aria-label=\"Image carousel\" dir=\"ltr\">\n\t\t\t<div class=\"elementor-image-carousel swiper-wrapper swiper-image-stretch\" aria-live=\"off\">\n\t\t\t\t\t\t\t\t<div class=\"swiper-slide\" role=\"group\" aria-roledescription=\"slide\" aria-label=\"1 of 4\"><figure class=\"swiper-slide-inner\"><img decoding=\"async\" class=\"swiper-slide-image\" src=\"https:\/\/fenua-mataioa.com\/wp-content\/uploads\/2025\/07\/PA-22-6-scaled.jpg\" alt=\"DCIM100MEDIA\" \/><\/figure><\/div><div class=\"swiper-slide\" role=\"group\" aria-roledescription=\"slide\" aria-label=\"2 of 4\"><figure class=\"swiper-slide-inner\"><img decoding=\"async\" class=\"swiper-slide-image\" src=\"https:\/\/fenua-mataioa.com\/wp-content\/uploads\/2025\/07\/PA-22-5-scaled.jpg\" alt=\"DCIM100MEDIA\" \/><\/figure><\/div><div class=\"swiper-slide\" role=\"group\" aria-roledescription=\"slide\" aria-label=\"3 of 4\"><figure class=\"swiper-slide-inner\"><img decoding=\"async\" class=\"swiper-slide-image\" src=\"https:\/\/fenua-mataioa.com\/wp-content\/uploads\/2025\/07\/PA-22-4-scaled.jpg\" alt=\"DCIM100MEDIA\" \/><\/figure><\/div><div class=\"swiper-slide\" role=\"group\" aria-roledescription=\"slide\" aria-label=\"4 of 4\"><figure class=\"swiper-slide-inner\"><img decoding=\"async\" class=\"swiper-slide-image\" src=\"https:\/\/fenua-mataioa.com\/wp-content\/uploads\/2025\/07\/PA-22-3-scaled.jpg\" alt=\"DCIM100MEDIA\" \/><\/figure><\/div>\t\t\t<\/div>\n\t\t\t\t\t\t\t\t\t\t\t\t<div class=\"elementor-swiper-button elementor-swiper-button-prev\" role=\"button\" tabindex=\"0\">\n\t\t\t\t\t\t<svg aria-hidden=\"true\" class=\"e-font-icon-svg e-eicon-chevron-left\" viewbox=\"0 0 1000 1000\" xmlns=\"http:\/\/www.w3.org\/2000\/svg\"><path d=\"M646 125C629 125 613 133 604 142L308 442C296 454 292 471 292 487 292 504 296 521 308 533L604 854C617 867 629 875 646 875 663 875 679 871 692 858 704 846 713 829 713 812 713 796 708 779 692 767L438 487 692 225C700 217 708 204 708 187 708 171 704 154 692 142 675 129 663 125 646 125Z\"><\/path><\/svg>\t\t\t\t\t<\/div>\n\t\t\t\t\t<div class=\"elementor-swiper-button elementor-swiper-button-next\" role=\"button\" tabindex=\"0\">\n\t\t\t\t\t\t<svg aria-hidden=\"true\" class=\"e-font-icon-svg e-eicon-chevron-right\" viewbox=\"0 0 1000 1000\" xmlns=\"http:\/\/www.w3.org\/2000\/svg\"><path d=\"M696 533C708 521 713 504 713 487 713 471 708 454 696 446L400 146C388 133 375 125 354 125 338 125 325 129 313 142 300 154 292 171 292 187 292 204 296 221 308 233L563 492 304 771C292 783 288 800 288 817 288 833 296 850 308 863 321 871 338 875 354 875 371 875 388 867 400 854L696 533Z\"><\/path><\/svg>\t\t\t\t\t<\/div>\n\t\t\t\t\n\t\t\t\t\t\t\t\t\t<\/div>\n\t\t\t\t\t\t<\/div>\n\t\t\t\t<\/div>\n\t\t\t\t<\/div>\n\t\t<div data-particle_enable=\"false\" data-particle-mobile-disabled=\"false\" class=\"elementor-element elementor-element-d45a810 e-flex e-con-boxed e-con e-parent\" data-id=\"d45a810\" data-element_type=\"container\" data-e-type=\"container\">\n\t\t\t\t\t<div class=\"e-con-inner\">\n\t\t\t\t<div class=\"elementor-element elementor-element-2e0750c elementor-widget elementor-widget-heading\" data-id=\"2e0750c\" data-element_type=\"widget\" data-e-type=\"widget\" data-widget_type=\"heading.default\">\n\t\t\t\t<div class=\"elementor-widget-container\">\n\t\t\t\t\t<h2 class=\"elementor-heading-title elementor-size-default\">A discovery<\/h2>\t\t\t\t<\/div>\n\t\t\t\t<\/div>\n\t\t\t\t<div class=\"elementor-element elementor-element-e0c6f23 elementor-widget elementor-widget-heading\" data-id=\"e0c6f23\" data-element_type=\"widget\" data-e-type=\"widget\" data-widget_type=\"heading.default\">\n\t\t\t\t<div class=\"elementor-widget-container\">\n\t\t\t\t\t<h2 class=\"elementor-heading-title elementor-size-default\">Activities<\/h2>\t\t\t\t<\/div>\n\t\t\t\t<\/div>\n\t\t\t\t\t<\/div>\n\t\t\t\t<\/div>\n\t\t<div data-particle_enable=\"false\" data-particle-mobile-disabled=\"false\" class=\"elementor-element elementor-element-612e934 e-flex e-con-boxed e-con e-parent\" data-id=\"612e934\" data-element_type=\"container\" data-e-type=\"container\" data-settings=\"{&quot;background_background&quot;:&quot;classic&quot;}\">\n\t\t\t\t\t<div class=\"e-con-inner\">\n\t\t\t\t<div class=\"elementor-element elementor-element-e1af43c elementor-widget elementor-widget-heading\" data-id=\"e1af43c\" data-element_type=\"widget\" data-e-type=\"widget\" data-widget_type=\"heading.default\">\n\t\t\t\t<div class=\"elementor-widget-container\">\n\t\t\t\t\t<h2 class=\"elementor-heading-title elementor-size-default\">Experience precious moments between wonder, culture and nature<\/h2>\t\t\t\t<\/div>\n\t\t\t\t<\/div>\n\t\t\t\t<div class=\"elementor-element elementor-element-33aa696 elementor-widget__width-initial elementor-widget elementor-widget-text-editor\" data-id=\"33aa696\" data-element_type=\"widget\" data-e-type=\"widget\" data-widget_type=\"text-editor.default\">\n\t\t\t\t<div class=\"elementor-widget-container\">\n\t\t\t\t\t\t\t\t\t<p>We have selected for you excursions, discoveries and moments of pure happiness.<br \/><strong>Some services are offered by Moorea providers and others are hotel services.<\/strong><br \/>Our selection was made based on criteria combining quality, fun, cultural contribution, safety and also respect for the environment.<br \/>Do not hesitate to ask us for advice.<br \/>Other activities can be offered to you, whether in a group or privately.<\/p>\t\t\t\t\t\t\t\t<\/div>\n\t\t\t\t<\/div>\n\t\t\t\t<div class=\"elementor-element elementor-element-92fc6ec elementor-align-center elementor-widget elementor-widget-button\" data-id=\"92fc6ec\" data-element_type=\"widget\" data-e-type=\"widget\" data-widget_type=\"button.default\">\n\t\t\t\t<div class=\"elementor-widget-container\">\n\t\t\t\t\t\t\t\t\t<div class=\"elementor-button-wrapper\">\n\t\t\t\t\t<a class=\"elementor-button elementor-button-link elementor-size-sm\" href=\"https:\/\/qrfy.io\/p\/4YwratWTrl\" target=\"_blank\">\n\t\t\t\t\t\t<span class=\"elementor-button-content-wrapper\">\n\t\t\t\t\t\t\t\t\t<span class=\"elementor-button-text\">See our activity book<\/span>\n\t\t\t\t\t<\/span>\n\t\t\t\t\t<\/a>\n\t\t\t\t<\/div>\n\t\t\t\t\t\t\t\t<\/div>\n\t\t\t\t<\/div>\n\t\t\t\t\t<\/div>\n\t\t\t\t<\/div>\n\t\t<div data-particle_enable=\"false\" data-particle-mobile-disabled=\"false\" class=\"elementor-element elementor-element-4df1dae e-flex e-con-boxed e-con e-parent\" data-id=\"4df1dae\" data-element_type=\"container\" data-e-type=\"container\" data-settings=\"{&quot;background_background&quot;:&quot;classic&quot;}\">\n\t\t\t\t\t<div class=\"e-con-inner\">\n\t\t\t\t<div class=\"elementor-element elementor-element-a659a92 elementor-pagination-position-outside elementor-widget elementor-widget-image-carousel\" data-id=\"a659a92\" data-element_type=\"widget\" data-e-type=\"widget\" data-settings=\"{&quot;slides_to_show&quot;:&quot;4&quot;,&quot;navigation&quot;:&quot;dots&quot;,&quot;autoplay&quot;:&quot;yes&quot;,&quot;pause_on_hover&quot;:&quot;yes&quot;,&quot;pause_on_interaction&quot;:&quot;yes&quot;,&quot;autoplay_speed&quot;:5000,&quot;infinite&quot;:&quot;yes&quot;,&quot;speed&quot;:500,&quot;image_spacing_custom&quot;:{&quot;unit&quot;:&quot;px&quot;,&quot;size&quot;:20,&quot;sizes&quot;:[]},&quot;image_spacing_custom_tablet&quot;:{&quot;unit&quot;:&quot;px&quot;,&quot;size&quot;:&quot;&quot;,&quot;sizes&quot;:[]},&quot;image_spacing_custom_mobile&quot;:{&quot;unit&quot;:&quot;px&quot;,&quot;size&quot;:&quot;&quot;,&quot;sizes&quot;:[]}}\" data-widget_type=\"image-carousel.default\">\n\t\t\t\t<div class=\"elementor-widget-container\">\n\t\t\t\t\t\t\t<div class=\"elementor-image-carousel-wrapper swiper\" role=\"region\" aria-roledescription=\"carousel\" aria-label=\"Image carousel\" dir=\"ltr\">\n\t\t\t<div class=\"elementor-image-carousel swiper-wrapper\" aria-live=\"off\">\n\t\t\t\t\t\t\t\t<div class=\"swiper-slide\" role=\"group\" aria-roledescription=\"slide\" aria-label=\"1 of 4\" data-no-translation-aria-label=\"\"><figure class=\"swiper-slide-inner\"><img decoding=\"async\" class=\"swiper-slide-image\" src=\"https:\/\/fenua-mataioa.com\/wp-content\/uploads\/2025\/07\/PA-22-6-768x576.jpg\" alt=\"DCIM100MEDIA\" \/><\/figure><\/div><div class=\"swiper-slide\" role=\"group\" aria-roledescription=\"slide\" aria-label=\"2 of 4\" data-no-translation-aria-label=\"\"><figure class=\"swiper-slide-inner\"><img decoding=\"async\" class=\"swiper-slide-image\" src=\"https:\/\/fenua-mataioa.com\/wp-content\/uploads\/2025\/07\/PA-22-5-768x576.jpg\" alt=\"DCIM100MEDIA\" \/><\/figure><\/div><div class=\"swiper-slide\" role=\"group\" aria-roledescription=\"slide\" aria-label=\"3 of 4\" data-no-translation-aria-label=\"\"><figure class=\"swiper-slide-inner\"><img decoding=\"async\" class=\"swiper-slide-image\" src=\"https:\/\/fenua-mataioa.com\/wp-content\/uploads\/2025\/07\/PA-22-4-768x576.jpg\" alt=\"DCIM100MEDIA\" \/><\/figure><\/div><div class=\"swiper-slide\" role=\"group\" aria-roledescription=\"slide\" aria-label=\"4 of 4\" data-no-translation-aria-label=\"\"><figure class=\"swiper-slide-inner\"><img decoding=\"async\" class=\"swiper-slide-image\" src=\"https:\/\/fenua-mataioa.com\/wp-content\/uploads\/2025\/07\/PA-22-3-768x576.jpg\" alt=\"DCIM100MEDIA\" \/><\/figure><\/div>\t\t\t<\/div>\n\t\t\t\t\t\t\t\n\t\t\t\t\t\t\t\t\t<div class=\"swiper-pagination\"><\/div>\n\t\t\t\t\t\t\t\t\t<\/div>\n\t\t\t\t\t\t<\/div>\n\t\t\t\t<\/div>\n\t\t\t\t\t<\/div>\n\t\t\t\t<\/div>\n\t\t\t\t<\/div>","protected":false},"excerpt":{"rendered":"<p>Une d\u00e9couverte Vivez des instants pr\u00e9cieux entre \u00e9merveillement, culture et nature Nous avons s\u00e9lectionn\u00e9 pour vous, des excursions, d\u00e9couvertes et moments de pur bonheur.Certaines prestations sont propos\u00e9es par des prestataires de Moorea et d&rsquo;autres sont des prestations de l&rsquo;h\u00f4tel.Notre s\u00e9lection a \u00e9t\u00e9 faite selon des crit\u00e8res alliant la qualit\u00e9, le c\u00f4t\u00e9 ludique, l&rsquo;apport culturel, la [&hellip;]<\/p>\n","protected":false},"author":3,"featured_media":3000,"parent":0,"menu_order":0,"comment_status":"closed","ping_status":"closed","template":"","meta":{"_acf_changed":false,"footnotes":""},"class_list":["post-2994","page","type-page","status-publish","has-post-thumbnail","hentry"],"acf":[],"yoast_head":"<!-- This site is optimized with the Yoast SEO plugin v27.5 - https:\/\/yoast.com\/product\/yoast-seo-wordpress\/ -->\n<title>Activit\u00e9s - FENUA MATA I OA<\/title>\n<meta name=\"robots\" content=\"index, follow, max-snippet:-1, max-image-preview:large, max-video-preview:-1\" \/>\n<link rel=\"canonical\" href=\"https:\/\/fenua-mataioa.com\/en\/activites-2\/\" \/>\n<meta property=\"og:locale\" content=\"en_US\" \/>\n<meta property=\"og:type\" content=\"article\" \/>\n<meta property=\"og:title\" content=\"Activit\u00e9s - FENUA MATA I OA\" \/>\n<meta property=\"og:description\" content=\"Une d\u00e9couverte Vivez des instants pr\u00e9cieux entre \u00e9merveillement, culture et nature Nous avons s\u00e9lectionn\u00e9 pour vous, des excursions, d\u00e9couvertes et moments de pur bonheur.Certaines prestations sont propos\u00e9es par des prestataires de Moorea et d&rsquo;autres sont des prestations de l&rsquo;h\u00f4tel.Notre s\u00e9lection a \u00e9t\u00e9 faite selon des crit\u00e8res alliant la qualit\u00e9, le c\u00f4t\u00e9 ludique, l&rsquo;apport culturel, la [&hellip;]\" \/>\n<meta property=\"og:url\" content=\"https:\/\/fenua-mataioa.com\/en\/activites-2\/\" \/>\n<meta property=\"og:site_name\" content=\"FENUA MATA I OA\" \/>\n<meta property=\"article:modified_time\" content=\"2025-12-26T21:45:46+00:00\" \/>\n<meta property=\"og:image\" content=\"https:\/\/fenua-mataioa.com\/wp-content\/uploads\/2025\/07\/PA-22-6-scaled.jpg\" \/>\n\t<meta property=\"og:image:width\" content=\"2560\" \/>\n\t<meta property=\"og:image:height\" content=\"1920\" \/>\n\t<meta property=\"og:image:type\" content=\"image\/jpeg\" \/>\n<meta name=\"twitter:card\" content=\"summary_large_image\" \/>\n<meta name=\"twitter:label1\" content=\"Est. reading time\" \/>\n\t<meta name=\"twitter:data1\" content=\"5 minutes\" \/>\n<script type=\"application\/ld+json\" class=\"yoast-schema-graph\">{\"@context\":\"https:\\\/\\\/schema.org\",\"@graph\":[{\"@type\":\"WebPage\",\"@id\":\"https:\\\/\\\/fenua-mataioa.com\\\/activites-2\\\/\",\"url\":\"https:\\\/\\\/fenua-mataioa.com\\\/activites-2\\\/\",\"name\":\"Activit\u00e9s - FENUA MATA I OA\",\"isPartOf\":{\"@id\":\"https:\\\/\\\/fenua-mataioa.com\\\/#website\"},\"primaryImageOfPage\":{\"@id\":\"https:\\\/\\\/fenua-mataioa.com\\\/activites-2\\\/#primaryimage\"},\"image\":{\"@id\":\"https:\\\/\\\/fenua-mataioa.com\\\/activites-2\\\/#primaryimage\"},\"thumbnailUrl\":\"https:\\\/\\\/fenua-mataioa.com\\\/wp-content\\\/uploads\\\/2025\\\/07\\\/PA-22-6-scaled.jpg\",\"datePublished\":\"2025-07-09T19:09:29+00:00\",\"dateModified\":\"2025-12-26T21:45:46+00:00\",\"breadcrumb\":{\"@id\":\"https:\\\/\\\/fenua-mataioa.com\\\/activites-2\\\/#breadcrumb\"},\"inLanguage\":\"en-US\",\"potentialAction\":[{\"@type\":\"ReadAction\",\"target\":[\"https:\\\/\\\/fenua-mataioa.com\\\/activites-2\\\/\"]}]},{\"@type\":\"ImageObject\",\"inLanguage\":\"en-US\",\"@id\":\"https:\\\/\\\/fenua-mataioa.com\\\/activites-2\\\/#primaryimage\",\"url\":\"https:\\\/\\\/fenua-mataioa.com\\\/wp-content\\\/uploads\\\/2025\\\/07\\\/PA-22-6-scaled.jpg\",\"contentUrl\":\"https:\\\/\\\/fenua-mataioa.com\\\/wp-content\\\/uploads\\\/2025\\\/07\\\/PA-22-6-scaled.jpg\",\"width\":2560,\"height\":1920,\"caption\":\"DCIM100MEDIA\"},{\"@type\":\"BreadcrumbList\",\"@id\":\"https:\\\/\\\/fenua-mataioa.com\\\/activites-2\\\/#breadcrumb\",\"itemListElement\":[{\"@type\":\"ListItem\",\"position\":1,\"name\":\"Accueil\",\"item\":\"https:\\\/\\\/fenua-mataioa.com\\\/\"},{\"@type\":\"ListItem\",\"position\":2,\"name\":\"Activit\u00e9s\"}]},{\"@type\":\"WebSite\",\"@id\":\"https:\\\/\\\/fenua-mataioa.com\\\/#website\",\"url\":\"https:\\\/\\\/fenua-mataioa.com\\\/\",\"name\":\"FENUA MATA I OA\",\"description\":\"\",\"publisher\":{\"@id\":\"https:\\\/\\\/fenua-mataioa.com\\\/#organization\"},\"potentialAction\":[{\"@type\":\"SearchAction\",\"target\":{\"@type\":\"EntryPoint\",\"urlTemplate\":\"https:\\\/\\\/fenua-mataioa.com\\\/?s={search_term_string}\"},\"query-input\":{\"@type\":\"PropertyValueSpecification\",\"valueRequired\":true,\"valueName\":\"search_term_string\"}}],\"inLanguage\":\"en-US\"},{\"@type\":\"Organization\",\"@id\":\"https:\\\/\\\/fenua-mataioa.com\\\/#organization\",\"name\":\"FENUA MATA I OA\",\"url\":\"https:\\\/\\\/fenua-mataioa.com\\\/\",\"logo\":{\"@type\":\"ImageObject\",\"inLanguage\":\"en-US\",\"@id\":\"https:\\\/\\\/fenua-mataioa.com\\\/#\\\/schema\\\/logo\\\/image\\\/\",\"url\":\"https:\\\/\\\/fenua-mataioa.com\\\/wp-content\\\/uploads\\\/2020\\\/01\\\/logo.png\",\"contentUrl\":\"https:\\\/\\\/fenua-mataioa.com\\\/wp-content\\\/uploads\\\/2020\\\/01\\\/logo.png\",\"width\":250,\"height\":70,\"caption\":\"FENUA MATA I OA\"},\"image\":{\"@id\":\"https:\\\/\\\/fenua-mataioa.com\\\/#\\\/schema\\\/logo\\\/image\\\/\"}}]}<\/script>\n<!-- \/ Yoast SEO plugin. -->","yoast_head_json":{"title":"Activities - FENUA MATA I OA","robots":{"index":"index","follow":"follow","max-snippet":"max-snippet:-1","max-image-preview":"max-image-preview:large","max-video-preview":"max-video-preview:-1"},"canonical":"https:\/\/fenua-mataioa.com\/en\/activites-2\/","og_locale":"en_US","og_type":"article","og_title":"Activit\u00e9s - FENUA MATA I OA","og_description":"Une d\u00e9couverte Vivez des instants pr\u00e9cieux entre \u00e9merveillement, culture et nature Nous avons s\u00e9lectionn\u00e9 pour vous, des excursions, d\u00e9couvertes et moments de pur bonheur.Certaines prestations sont propos\u00e9es par des prestataires de Moorea et d&rsquo;autres sont des prestations de l&rsquo;h\u00f4tel.Notre s\u00e9lection a \u00e9t\u00e9 faite selon des crit\u00e8res alliant la qualit\u00e9, le c\u00f4t\u00e9 ludique, l&rsquo;apport culturel, la [&hellip;]","og_url":"https:\/\/fenua-mataioa.com\/en\/activites-2\/","og_site_name":"FENUA MATA I OA","article_modified_time":"2025-12-26T21:45:46+00:00","og_image":[{"width":2560,"height":1920,"url":"https:\/\/fenua-mataioa.com\/wp-content\/uploads\/2025\/07\/PA-22-6-scaled.jpg","type":"image\/jpeg"}],"twitter_card":"summary_large_image","twitter_misc":{"Est. reading time":"5 minutes"},"schema":{"@context":"https:\/\/schema.org","@graph":[{"@type":"WebPage","@id":"https:\/\/fenua-mataioa.com\/activites-2\/","url":"https:\/\/fenua-mataioa.com\/activites-2\/","name":"Activities - FENUA MATA I OA","isPartOf":{"@id":"https:\/\/fenua-mataioa.com\/#website"},"primaryImageOfPage":{"@id":"https:\/\/fenua-mataioa.com\/activites-2\/#primaryimage"},"image":{"@id":"https:\/\/fenua-mataioa.com\/activites-2\/#primaryimage"},"thumbnailUrl":"https:\/\/fenua-mataioa.com\/wp-content\/uploads\/2025\/07\/PA-22-6-scaled.jpg","datePublished":"2025-07-09T19:09:29+00:00","dateModified":"2025-12-26T21:45:46+00:00","breadcrumb":{"@id":"https:\/\/fenua-mataioa.com\/activites-2\/#breadcrumb"},"inLanguage":"en-US","potentialAction":[{"@type":"ReadAction","target":["https:\/\/fenua-mataioa.com\/activites-2\/"]}]},{"@type":"ImageObject","inLanguage":"en-US","@id":"https:\/\/fenua-mataioa.com\/activites-2\/#primaryimage","url":"https:\/\/fenua-mataioa.com\/wp-content\/uploads\/2025\/07\/PA-22-6-scaled.jpg","contentUrl":"https:\/\/fenua-mataioa.com\/wp-content\/uploads\/2025\/07\/PA-22-6-scaled.jpg","width":2560,"height":1920,"caption":"DCIM100MEDIA"},{"@type":"BreadcrumbList","@id":"https:\/\/fenua-mataioa.com\/activites-2\/#breadcrumb","itemListElement":[{"@type":"ListItem","position":1,"name":"Accueil","item":"https:\/\/fenua-mataioa.com\/"},{"@type":"ListItem","position":2,"name":"Activit\u00e9s"}]},{"@type":"WebSite","@id":"https:\/\/fenua-mataioa.com\/#website","url":"https:\/\/fenua-mataioa.com\/","name":"FENUA MATA I OA","description":"","publisher":{"@id":"https:\/\/fenua-mataioa.com\/#organization"},"potentialAction":[{"@type":"SearchAction","target":{"@type":"EntryPoint","urlTemplate":"https:\/\/fenua-mataioa.com\/?s={search_term_string}"},"query-input":{"@type":"PropertyValueSpecification","valueRequired":true,"valueName":"search_term_string"}}],"inLanguage":"en-US"},{"@type":"Organization","@id":"https:\/\/fenua-mataioa.com\/#organization","name":"FENUA MATA I OA","url":"https:\/\/fenua-mataioa.com\/","logo":{"@type":"ImageObject","inLanguage":"en-US","@id":"https:\/\/fenua-mataioa.com\/#\/schema\/logo\/image\/","url":"https:\/\/fenua-mataioa.com\/wp-content\/uploads\/2020\/01\/logo.png","contentUrl":"https:\/\/fenua-mataioa.com\/wp-content\/uploads\/2020\/01\/logo.png","width":250,"height":70,"caption":"FENUA MATA I OA"},"image":{"@id":"https:\/\/fenua-mataioa.com\/#\/schema\/logo\/image\/"}}]}},"_links":{"self":[{"href":"https:\/\/fenua-mataioa.com\/en\/wp-json\/wp\/v2\/pages\/2994","targetHints":{"allow":["GET"]}}],"collection":[{"href":"https:\/\/fenua-mataioa.com\/en\/wp-json\/wp\/v2\/pages"}],"about":[{"href":"https:\/\/fenua-mataioa.com\/en\/wp-json\/wp\/v2\/types\/page"}],"author":[{"embeddable":true,"href":"https:\/\/fenua-mataioa.com\/en\/wp-json\/wp\/v2\/users\/3"}],"replies":[{"embeddable":true,"href":"https:\/\/fenua-mataioa.com\/en\/wp-json\/wp\/v2\/comments?post=2994"}],"version-history":[{"count":11,"href":"https:\/\/fenua-mataioa.com\/en\/wp-json\/wp\/v2\/pages\/2994\/revisions"}],"predecessor-version":[{"id":3054,"href":"https:\/\/fenua-mataioa.com\/en\/wp-json\/wp\/v2\/pages\/2994\/revisions\/3054"}],"wp:featuredmedia":[{"embeddable":true,"href":"https:\/\/fenua-mataioa.com\/en\/wp-json\/wp\/v2\/media\/3000"}],"wp:attachment":[{"href":"https:\/\/fenua-mataioa.com\/en\/wp-json\/wp\/v2\/media?parent=2994"}],"curies":[{"name":"wp","href":"https:\/\/api.w.org\/{rel}","templated":true}]}}