{"id":2928,"date":"2025-02-24T15:12:45","date_gmt":"2025-02-25T01:12:45","guid":{"rendered":"https:\/\/fenua-mataioa.com\/?page_id=2928"},"modified":"2025-02-24T15:21:10","modified_gmt":"2025-02-25T01:21:10","slug":"politique-de-confidentialite","status":"publish","type":"page","link":"https:\/\/fenua-mataioa.com\/en\/politique-de-confidentialite\/","title":{"rendered":"Privacy Policy"},"content":{"rendered":"<div data-elementor-type=\"wp-page\" data-elementor-id=\"2928\" class=\"elementor elementor-2928\" data-elementor-post-type=\"page\">\n\t\t\t\t<div data-particle_enable=\"false\" data-particle-mobile-disabled=\"false\" class=\"elementor-element elementor-element-2714ccd e-con-full e-flex e-con e-parent\" data-id=\"2714ccd\" data-element_type=\"container\" data-e-type=\"container\">\n\t\t\t\t<div class=\"elementor-element elementor-element-7e89d4c elementor-arrows-position-inside elementor-widget elementor-widget-image-carousel\" data-id=\"7e89d4c\" data-element_type=\"widget\" data-e-type=\"widget\" data-settings=\"{&quot;slides_to_show&quot;:&quot;1&quot;,&quot;navigation&quot;:&quot;arrows&quot;,&quot;effect&quot;:&quot;fade&quot;,&quot;autoplay&quot;:&quot;yes&quot;,&quot;pause_on_hover&quot;:&quot;yes&quot;,&quot;pause_on_interaction&quot;:&quot;yes&quot;,&quot;autoplay_speed&quot;:5000,&quot;infinite&quot;:&quot;yes&quot;,&quot;speed&quot;:500}\" data-widget_type=\"image-carousel.default\">\n\t\t\t\t<div class=\"elementor-widget-container\">\n\t\t\t\t\t\t\t<div class=\"elementor-image-carousel-wrapper swiper\" role=\"region\" aria-roledescription=\"carousel\" aria-label=\"Image carousel\" dir=\"ltr\">\n\t\t\t<div class=\"elementor-image-carousel swiper-wrapper swiper-image-stretch\" aria-live=\"off\">\n\t\t\t\t\t\t\t\t<div class=\"swiper-slide\" role=\"group\" aria-roledescription=\"slide\" aria-label=\"1 of 4\"><figure class=\"swiper-slide-inner\"><img decoding=\"async\" class=\"swiper-slide-image\" src=\"https:\/\/fenua-mataioa.com\/wp-content\/uploads\/2024\/11\/P2_MOOREA_00132_MOOREA_\u00a9-Gregoire-Le-Bacon-2048x1366-1.webp\" alt=\"P2_MOOREA_00132_MOOREA_\u00a9 Gre\u0301goire Le Bacon-2048x1366\" \/><\/figure><\/div><div class=\"swiper-slide\" role=\"group\" aria-roledescription=\"slide\" aria-label=\"2 of 4\"><figure class=\"swiper-slide-inner\"><img decoding=\"async\" class=\"swiper-slide-image\" src=\"https:\/\/fenua-mataioa.com\/wp-content\/uploads\/2024\/11\/P2_02_MOOREA__DSC09131-\u00a9\ufe0f-Lei-Tao-1500x1000-1.webp\" alt=\"P2_02_MOOREA__DSC09131 \u00a9\ufe0f Lei Tao-1500x1000\" \/><\/figure><\/div><div class=\"swiper-slide\" role=\"group\" aria-roledescription=\"slide\" aria-label=\"3 of 4\"><figure class=\"swiper-slide-inner\"><img decoding=\"async\" class=\"swiper-slide-image\" src=\"https:\/\/fenua-mataioa.com\/wp-content\/uploads\/2024\/12\/IMG_20220927_140252-scaled.jpeg\" alt=\"IMG_20220927_140252\" \/><\/figure><\/div><div class=\"swiper-slide\" role=\"group\" aria-roledescription=\"slide\" aria-label=\"4 of 4\"><figure class=\"swiper-slide-inner\"><img decoding=\"async\" class=\"swiper-slide-image\" src=\"https:\/\/fenua-mataioa.com\/wp-content\/uploads\/2024\/11\/Suite-deluxe-lagon-1.jpg\" alt=\"Suite deluxe lagon\" \/><\/figure><\/div>\t\t\t<\/div>\n\t\t\t\t\t\t\t\t\t\t\t\t<div class=\"elementor-swiper-button elementor-swiper-button-prev\" role=\"button\" tabindex=\"0\">\n\t\t\t\t\t\t<svg aria-hidden=\"true\" class=\"e-font-icon-svg e-eicon-chevron-left\" viewbox=\"0 0 1000 1000\" xmlns=\"http:\/\/www.w3.org\/2000\/svg\"><path d=\"M646 125C629 125 613 133 604 142L308 442C296 454 292 471 292 487 292 504 296 521 308 533L604 854C617 867 629 875 646 875 663 875 679 871 692 858 704 846 713 829 713 812 713 796 708 779 692 767L438 487 692 225C700 217 708 204 708 187 708 171 704 154 692 142 675 129 663 125 646 125Z\"><\/path><\/svg>\t\t\t\t\t<\/div>\n\t\t\t\t\t<div class=\"elementor-swiper-button elementor-swiper-button-next\" role=\"button\" tabindex=\"0\">\n\t\t\t\t\t\t<svg aria-hidden=\"true\" class=\"e-font-icon-svg e-eicon-chevron-right\" viewbox=\"0 0 1000 1000\" xmlns=\"http:\/\/www.w3.org\/2000\/svg\"><path d=\"M696 533C708 521 713 504 713 487 713 471 708 454 696 446L400 146C388 133 375 125 354 125 338 125 325 129 313 142 300 154 292 171 292 187 292 204 296 221 308 233L563 492 304 771C292 783 288 800 288 817 288 833 296 850 308 863 321 871 338 875 354 875 371 875 388 867 400 854L696 533Z\"><\/path><\/svg>\t\t\t\t\t<\/div>\n\t\t\t\t\n\t\t\t\t\t\t\t\t\t<\/div>\n\t\t\t\t\t\t<\/div>\n\t\t\t\t<\/div>\n\t\t\t\t<\/div>\n\t\t<div data-particle_enable=\"false\" data-particle-mobile-disabled=\"false\" class=\"elementor-element elementor-element-89d19dd e-flex e-con-boxed e-con e-parent\" data-id=\"89d19dd\" data-element_type=\"container\" data-e-type=\"container\">\n\t\t\t\t\t<div class=\"e-con-inner\">\n\t\t\t\t<div class=\"elementor-element elementor-element-481dddb elementor-widget elementor-widget-heading\" data-id=\"481dddb\" data-element_type=\"widget\" data-e-type=\"widget\" data-widget_type=\"heading.default\">\n\t\t\t\t<div class=\"elementor-widget-container\">\n\t\t\t\t\t<h2 class=\"elementor-heading-title elementor-size-default\">Legal information<\/h2>\t\t\t\t<\/div>\n\t\t\t\t<\/div>\n\t\t\t\t<div class=\"elementor-element elementor-element-08654f9 elementor-widget elementor-widget-heading\" data-id=\"08654f9\" data-element_type=\"widget\" data-e-type=\"widget\" data-widget_type=\"heading.default\">\n\t\t\t\t<div class=\"elementor-widget-container\">\n\t\t\t\t\t<h2 class=\"elementor-heading-title elementor-size-default\">Privacy Policy<\/h2>\t\t\t\t<\/div>\n\t\t\t\t<\/div>\n\t\t\t\t\t<\/div>\n\t\t\t\t<\/div>\n\t\t<div data-particle_enable=\"false\" data-particle-mobile-disabled=\"false\" class=\"elementor-element elementor-element-077f4df e-flex e-con-boxed e-con e-parent\" data-id=\"077f4df\" data-element_type=\"container\" data-e-type=\"container\" data-settings=\"{&quot;background_background&quot;:&quot;classic&quot;}\">\n\t\t\t\t\t<div class=\"e-con-inner\">\n\t\t\t\t<div class=\"elementor-element elementor-element-3dfa159 elementor-widget elementor-widget-text-editor\" data-id=\"3dfa159\" data-element_type=\"widget\" data-e-type=\"widget\" data-widget_type=\"text-editor.default\">\n\t\t\t\t<div class=\"elementor-widget-container\">\n\t\t\t\t\t\t\t\t\t<p><strong>Privacy Policy | Protection of personal data<\/strong><\/p>\n<p>Introduction<\/p>\n<p>This privacy policy was updated on 01\/01\/2021 and complies with the GDPR (General Data Protection Regulation).<\/p>\n<p>This policy aims to explain to you what information we collect and how we use, disclose, transfer and retain it.<\/p>\n<p>Data Controller and Owner<\/p>\n<p>Company Name: SARL H\u00f4tel Fenua Mata&#039;i&#039;oa<\/p>\n<p>registered RC No.: 1255B<\/p>\n<p>No. TAHITI A20385<\/p>\n<p>Head office: PK 25 c\/Mer Village Tiahura Moorea-Haapiti<\/p>\n<p>Website: www.fenua-mataioa.com Email: contact@fenua-mataioa.com<\/p>\n<p>Phone: 40.55.00.25<\/p>\n<p>When you access and use the website www.fenua-mataioa.com, SARL H\u00f4tel Fenua Mata&#039;i&#039;oa may collect certain personal data about you, i.e. information that relates to you as a natural person and that allows SARL H\u00f4tel Fenua Mata&#039;i&#039;oa to identify you, either directly (such as, for example, your first or last name), or indirectly (such as, for example, the IP address of your browsing terminal).<\/p>\n<p>This personal data may be collected when you browse the site, use the contact form, subscribe to the newsletter, create a customer account or place an order.<\/p>\n<p>Your personal data is then subject to automated processing implemented by La SARL H\u00f4tel Fenua Mata&#039;i&#039;oa.<\/p>\n<p>SARL H\u00f4tel Fenua Mata&#039;i&#039;oa undertakes to process your personal data in a fair and lawful manner, in compliance with the provisions of Law No. 78-17 of 6 January 1978, as amended, relating to information technology, files and freedoms and Regulation (EU) No. 2016\/679 of 27 April 2016 relating to the protection of individuals with regard to the processing of personal data and the free movement of such data, known as the &quot;General Data Protection Regulation&quot; <br>(or \u201cGDPR\u201d).<\/p>\n<p>The purpose of this personal data policy is to inform you of the conditions under which SARL H\u00f4tel Fenua Mata&#039;i&#039;oa processes your personal data, while ensuring their protection.<\/p>\n<p>Who collects your personal data on www.fenua-mataioa.com The controller of your personal data collected on <br>contact@fenua-mataioa.com<\/p>\n<p><\/p>\n<p>1. is the company La SARL H\u00f4tel Fenua Mata&#039;i&#039;oa | PK 25 c\/Mer Village Tiahura Moorea-Haapiti | Email: contactenua-mataioa.com<\/p>\n<p><\/p>\n<p>2. What personal data is collected?<\/p>\n<p>SARL H\u00f4tel Fenua Mata&#039;i&#039;oa may be required to process your:<\/p>\n<p>\u2013 NAME: BOSSUOT-SURLEAU or BOSSUOT<\/p>\n<p>\u2013 FIRST NAME Eileen \/ Clotilde<\/p>\n<p>\u2013 COMPANY SARL Hotel Fenua Mata\u2019i\u2019oa<\/p>\n<p>\u2013 POSTAL ADDRESS: BP 1192 \u2013 98729 Papetoai \u2013 EMAIL: contact@fenua-mataioa.com<\/p>\n<p>\u2013 TELEPHONE: 40.55.00.25<\/p>\n<p>\u2013 DATE OF BIRTH: 07\/10\/1956 (Eileen) 12\/06\/1977 (Clotilde)<\/p>\n<p>\u2013 connection data (dates and times of connections, IP address) and navigation data<\/p>\n<p>Some of this data must be provided to allow the site to run.<\/p>\n<p><\/p>\n<p>3. When is your personal data collected?<\/p>\n<p>SARL H\u00f4tel Fenua Mata&#039;i&#039;oa collects personal data when:<\/p>\n<p>\u2013 You fill out a contact form;<\/p>\n<p>\u2013 You subscribe to the newsletter;<\/p>\n<p>Other technical information concerning the consultation of the site or its functionalities, in particular the IP address of your browsing terminal, is collected automatically as a result of your actions on the site via cookies. You will find information on cookies below.<\/p>\n<p>4. Purposes of collecting personal data<\/p>\n<p>SARL H\u00f4tel Fenua Mata&#039;i&#039;oa processes your personal data for the following purposes:<\/p>\n<p>\u2013 Manage customer relations: Customer relations, complaints;<\/p>\n<p>\u2013 Improve the quality of our services<\/p>\n<p>\u2013 Statistics and analysis<\/p>\n<p>\u2013 Newsletters and commercial offers (based on your consent)<\/p>\n<p><\/p>\n<p>5. To whom is your personal data transmitted?<\/p>\n<p>The recipient of your personal data is the company SARL H\u00f4tel Fenua Mata&#039;i&#039;oa.<\/p>\n<p>SARL H\u00f4tel Fenua Mata&#039;i&#039;oa is also required to transmit your personal data to subcontractors who process them on its behalf and according to its instructions.<\/p>\n<p>These subcontracting recipients include in particular:<\/p>\n<p>\u2013 External technical service providers of Company Name who are involved in the development, distribution, operation and maintenance of the site, in particular the developer and the host;<\/p>\n<p>\u2013 External service providers of Company Name involved in improving your experience when browsing the site or sending the newsletter.<\/p>\n<p>6. Is your personal data transferred outside the European Union?<\/p>\n<p>SARL H\u00f4tel Fenua Mata&#039;i&#039;oa does not carry out and does not intend to carry out any transfer of your personal data to a third country outside the European Union and the European Economic Area which does not ensure an adequate level of protection of personal data.<\/p>\n<p>7. How long is your personal data kept?<\/p>\n<p>SARL H\u00f4tel Fenua Mata&#039;i&#039;oa keeps your personal data for a period that does not exceed the period necessary for the purposes for which they were collected, in compliance with the regulations in force.<\/p>\n<p>\u2013 Contact request: 3 years (from their collection)<\/p>\n<p>8. What are your rights over your personal data?<\/p>\n<p>SARL H\u00f4tel Fenua Mata&#039;i&#039;oa informs you that with regard to the personal data it processes concerning you, you have the following rights at any time:<\/p>\n<p>\u2013 a right of access;<\/p>\n<p>\u2013 a right of rectification;<\/p>\n<p>\u2013 a right to erasure;<\/p>\n<p>\u2013 a right to restriction of processing;<\/p>\n<p>\u2013 a right to portability;<\/p>\n<p>\u2013 a right to object to processing, in particular for commercial prospecting purposes;<\/p>\n<p>\u2013 a right to withdraw at any time any consent you may have given;<\/p>\n<p>\u2013 a right to define general or specific guidelines relating to the retention, deletion or communication of your personal data after your death.<\/p>\n<p>You will find information here concerning the exercise of these rights: https:\/\/www.cnil.fr\/fr\/comprendre-vos-droits<\/p>\n<p>These rights can be exercised at any time by writing to SARL H\u00f4tel Fenua Mata&#039;i&#039;oa:<\/p>\n<p>\u2013 either by post: BP 1192 Papetoai \u2013 98729 Moorea \u2013 French Polynesia \u2013 or by email: contact@fenua-mataioa.com \u2013 or online on the website www.cnil.fr.<\/p>\n<p><\/p>\n<p>COOKIES<\/p>\n<p>In order to improve the quality of the site and to facilitate your navigation, information relating to the navigation of your connection terminal (computer, tablet or smartphone) may be recorded in files called &quot;cookies&quot; placed on your terminal, subject to the choices you have expressed regarding them and which you can modify at any time.<\/p>\n<p>1. What is a cookie?<\/p>\n<p>A cookie is a small text file saved on the hard drive of your browser terminal (your computer, tablet or smartphone) via your browser software when you consult an online service.<\/p>\n<p>The purpose of cookies is to provide you with quality usage and service during your visit and, in this way, to offer you the best possible experience on the site.<\/p>\n<p>Cookies do not store any sensitive personal data about you, but simply recognize the device you are using to allow SARL H\u00f4tel Fenua Mata&#039;i&#039;oa to understand how you navigate the Site.<\/p>\n<p>2. What cookies are used by SARL H\u00f4tel Fenua Mata&#039;i&#039;oa?<\/p>\n<p>To make your navigation on the site always more pleasant and easy, but also to know you better, SARL H\u00f4tel Fenua Mata&#039;i&#039;oa uses several types of cookies.<\/p>\n<p>2. Functional cookies These cookies aim to make your browsing on www.fenua-mataioa.com smoother and to allow optimal use of its various functionalities.<\/p>\n<p>They are essential for the website and the features that SARL H\u00f4tel Fenua Mata&#039;i&#039;oa offers on it to function properly. They also make its operation more user-friendly and provide you with a more personalized online experience.<\/p>\n<p>These cookies are used to recognize and remember your preferences and in particular allow SARL H\u00f4tel Fenua Mata&#039;i&#039;oa to:<\/p>\n<p>\u2013 Identify you when you connect to www.fenua-mataioa.com, so that you do not have to manually enter your login details each time you visit;<\/p>\n<p>\u2013 Adapt the presentation of the site to the display preferences of your browsing terminal (language used, display resolution, operating system used, etc.), according to the hardware and viewing or reading software that your terminal has;<\/p>\n<p>\u2013 Make your searches easier by keeping your automatic searches;<\/p>\n<p>\u2013 Improve your user experience by pre-filling certain form fields.<\/p>\n<p>The functional cookies used by SARL H\u00f4tel Fenua Mata&#039;i&#039;oa are those offered.<\/p>\n<p>2. Performance cookies<\/p>\n<p>SARL H\u00f4tel Fenua Mata&#039;i&#039;oa uses performance cookies to analyze the use made of the site in order to improve its operation.<\/p>\n<p>These cookies allow us to count the number of visitors, analyze the most visited pages, record how you use the site in order to improve the performance of the site and its content and improve your browsing experience.<\/p>\n<p>The performance cookies used by SARL H\u00f4tel Fenua Mata&#039;i&#039;oa are those offered by Google Analytics.<\/p>\n<p>3. How long are cookies stored?<\/p>\n<p>The retention period for cookies placed on the site varies depending on their type, but does not exceed a maximum period of 13 months from their creation date.<\/p>\n<p>4. Who uses the information collected by cookies?<\/p>\n<p>The information collected by the cookies placed on the site are used exclusively by SARL H\u00f4tel Fenua Mata&#039;i&#039;oa.<\/p>\n<p>5. How to accept or refuse the deposit of cookies?<\/p>\n<p>You can express or modify your wishes regarding cookies at any time, and in particular withdraw your consent.<\/p>\n<p>To do this, you must configure your browser software so that cookies are saved on your device or, on the contrary, that they are rejected, either systematically or according to their issuer.<\/p>\n<p>You can also configure your browser software so that you are prompted to accept or reject cookies from time to time, before a cookie is likely to be stored on your device.<\/p>\n<p>For cookie management, the configuration of each browser is different. It is described in the help menu of your browser, which will allow you to know how to modify your wishes regarding cookies. Internet Explorer\u2122 browser: Online help Safari\u2122 browser: Online help Chrome\u2122 browser: Online help Firefox\u2122 browser: Online help Opera\u2122 browser: Online help<\/p>\n<p><\/p>\n<p>If you delete cookies, however, you may not be able to benefit from certain features of the Site.<\/p>\t\t\t\t\t\t\t\t<\/div>\n\t\t\t\t<\/div>\n\t\t\t\t\t<\/div>\n\t\t\t\t<\/div>\n\t\t\t\t<\/div>","protected":false},"excerpt":{"rendered":"<p>Informations l\u00e9gales Politique de confidentialit\u00e9 | Protection des donn\u00e9es personnelles Introduction Cette politique de confidentialit\u00e9 a \u00e9t\u00e9 mise \u00e0 jour le 01\/01\/2021 et est conforme au r\u00e8glement RGPD, (le R\u00e8glement g\u00e9n\u00e9ral sur la protection des donn\u00e9es). Cette politique a pour but de vous expliquer quelles sont les informations que nous recueillons et comment nous les [&hellip;]<\/p>\n","protected":false},"author":3,"featured_media":0,"parent":0,"menu_order":0,"comment_status":"closed","ping_status":"closed","template":"","meta":{"_acf_changed":false,"footnotes":""},"class_list":["post-2928","page","type-page","status-publish","hentry"],"acf":[],"yoast_head":"<!-- This site is optimized with the Yoast SEO plugin v27.5 - https:\/\/yoast.com\/product\/yoast-seo-wordpress\/ -->\n<title>Politique de confidentialit\u00e9 - FENUA MATA I OA<\/title>\n<meta name=\"robots\" content=\"index, follow, max-snippet:-1, max-image-preview:large, max-video-preview:-1\" \/>\n<link rel=\"canonical\" href=\"https:\/\/fenua-mataioa.com\/en\/politique-de-confidentialite\/\" \/>\n<meta property=\"og:locale\" content=\"en_US\" \/>\n<meta property=\"og:type\" content=\"article\" \/>\n<meta property=\"og:title\" content=\"Politique de confidentialit\u00e9 - FENUA MATA I OA\" \/>\n<meta property=\"og:description\" content=\"Informations l\u00e9gales Politique de confidentialit\u00e9 | Protection des donn\u00e9es personnelles Introduction Cette politique de confidentialit\u00e9 a \u00e9t\u00e9 mise \u00e0 jour le 01\/01\/2021 et est conforme au r\u00e8glement RGPD, (le R\u00e8glement g\u00e9n\u00e9ral sur la protection des donn\u00e9es). Cette politique a pour but de vous expliquer quelles sont les informations que nous recueillons et comment nous les [&hellip;]\" \/>\n<meta property=\"og:url\" content=\"https:\/\/fenua-mataioa.com\/en\/politique-de-confidentialite\/\" \/>\n<meta property=\"og:site_name\" content=\"FENUA MATA I OA\" \/>\n<meta property=\"article:modified_time\" content=\"2025-02-25T01:21:10+00:00\" \/>\n<meta name=\"twitter:card\" content=\"summary_large_image\" \/>\n<meta name=\"twitter:label1\" content=\"Est. reading time\" \/>\n\t<meta name=\"twitter:data1\" content=\"10 minutes\" \/>\n<script type=\"application\/ld+json\" class=\"yoast-schema-graph\">{\"@context\":\"https:\\\/\\\/schema.org\",\"@graph\":[{\"@type\":\"WebPage\",\"@id\":\"https:\\\/\\\/fenua-mataioa.com\\\/politique-de-confidentialite\\\/\",\"url\":\"https:\\\/\\\/fenua-mataioa.com\\\/politique-de-confidentialite\\\/\",\"name\":\"Politique de confidentialit\u00e9 - FENUA MATA I OA\",\"isPartOf\":{\"@id\":\"https:\\\/\\\/fenua-mataioa.com\\\/#website\"},\"datePublished\":\"2025-02-25T01:12:45+00:00\",\"dateModified\":\"2025-02-25T01:21:10+00:00\",\"breadcrumb\":{\"@id\":\"https:\\\/\\\/fenua-mataioa.com\\\/politique-de-confidentialite\\\/#breadcrumb\"},\"inLanguage\":\"en-US\",\"potentialAction\":[{\"@type\":\"ReadAction\",\"target\":[\"https:\\\/\\\/fenua-mataioa.com\\\/politique-de-confidentialite\\\/\"]}]},{\"@type\":\"BreadcrumbList\",\"@id\":\"https:\\\/\\\/fenua-mataioa.com\\\/politique-de-confidentialite\\\/#breadcrumb\",\"itemListElement\":[{\"@type\":\"ListItem\",\"position\":1,\"name\":\"Accueil\",\"item\":\"https:\\\/\\\/fenua-mataioa.com\\\/\"},{\"@type\":\"ListItem\",\"position\":2,\"name\":\"Politique de confidentialit\u00e9\"}]},{\"@type\":\"WebSite\",\"@id\":\"https:\\\/\\\/fenua-mataioa.com\\\/#website\",\"url\":\"https:\\\/\\\/fenua-mataioa.com\\\/\",\"name\":\"FENUA MATA I OA\",\"description\":\"\",\"publisher\":{\"@id\":\"https:\\\/\\\/fenua-mataioa.com\\\/#organization\"},\"potentialAction\":[{\"@type\":\"SearchAction\",\"target\":{\"@type\":\"EntryPoint\",\"urlTemplate\":\"https:\\\/\\\/fenua-mataioa.com\\\/?s={search_term_string}\"},\"query-input\":{\"@type\":\"PropertyValueSpecification\",\"valueRequired\":true,\"valueName\":\"search_term_string\"}}],\"inLanguage\":\"en-US\"},{\"@type\":\"Organization\",\"@id\":\"https:\\\/\\\/fenua-mataioa.com\\\/#organization\",\"name\":\"FENUA MATA I OA\",\"url\":\"https:\\\/\\\/fenua-mataioa.com\\\/\",\"logo\":{\"@type\":\"ImageObject\",\"inLanguage\":\"en-US\",\"@id\":\"https:\\\/\\\/fenua-mataioa.com\\\/#\\\/schema\\\/logo\\\/image\\\/\",\"url\":\"https:\\\/\\\/fenua-mataioa.com\\\/wp-content\\\/uploads\\\/2020\\\/01\\\/logo.png\",\"contentUrl\":\"https:\\\/\\\/fenua-mataioa.com\\\/wp-content\\\/uploads\\\/2020\\\/01\\\/logo.png\",\"width\":250,\"height\":70,\"caption\":\"FENUA MATA I OA\"},\"image\":{\"@id\":\"https:\\\/\\\/fenua-mataioa.com\\\/#\\\/schema\\\/logo\\\/image\\\/\"}}]}<\/script>\n<!-- \/ Yoast SEO plugin. -->","yoast_head_json":{"title":"Politique de confidentialit\u00e9 - FENUA MATA I OA","robots":{"index":"index","follow":"follow","max-snippet":"max-snippet:-1","max-image-preview":"max-image-preview:large","max-video-preview":"max-video-preview:-1"},"canonical":"https:\/\/fenua-mataioa.com\/en\/politique-de-confidentialite\/","og_locale":"en_US","og_type":"article","og_title":"Politique de confidentialit\u00e9 - FENUA MATA I OA","og_description":"Informations l\u00e9gales Politique de confidentialit\u00e9 | Protection des donn\u00e9es personnelles Introduction Cette politique de confidentialit\u00e9 a \u00e9t\u00e9 mise \u00e0 jour le 01\/01\/2021 et est conforme au r\u00e8glement RGPD, (le R\u00e8glement g\u00e9n\u00e9ral sur la protection des donn\u00e9es). Cette politique a pour but de vous expliquer quelles sont les informations que nous recueillons et comment nous les [&hellip;]","og_url":"https:\/\/fenua-mataioa.com\/en\/politique-de-confidentialite\/","og_site_name":"FENUA MATA I OA","article_modified_time":"2025-02-25T01:21:10+00:00","twitter_card":"summary_large_image","twitter_misc":{"Est. reading time":"10 minutes"},"schema":{"@context":"https:\/\/schema.org","@graph":[{"@type":"WebPage","@id":"https:\/\/fenua-mataioa.com\/politique-de-confidentialite\/","url":"https:\/\/fenua-mataioa.com\/politique-de-confidentialite\/","name":"Politique de confidentialit\u00e9 - FENUA MATA I OA","isPartOf":{"@id":"https:\/\/fenua-mataioa.com\/#website"},"datePublished":"2025-02-25T01:12:45+00:00","dateModified":"2025-02-25T01:21:10+00:00","breadcrumb":{"@id":"https:\/\/fenua-mataioa.com\/politique-de-confidentialite\/#breadcrumb"},"inLanguage":"en-US","potentialAction":[{"@type":"ReadAction","target":["https:\/\/fenua-mataioa.com\/politique-de-confidentialite\/"]}]},{"@type":"BreadcrumbList","@id":"https:\/\/fenua-mataioa.com\/politique-de-confidentialite\/#breadcrumb","itemListElement":[{"@type":"ListItem","position":1,"name":"Accueil","item":"https:\/\/fenua-mataioa.com\/"},{"@type":"ListItem","position":2,"name":"Politique de confidentialit\u00e9"}]},{"@type":"WebSite","@id":"https:\/\/fenua-mataioa.com\/#website","url":"https:\/\/fenua-mataioa.com\/","name":"FENUA MATA I OA","description":"","publisher":{"@id":"https:\/\/fenua-mataioa.com\/#organization"},"potentialAction":[{"@type":"SearchAction","target":{"@type":"EntryPoint","urlTemplate":"https:\/\/fenua-mataioa.com\/?s={search_term_string}"},"query-input":{"@type":"PropertyValueSpecification","valueRequired":true,"valueName":"search_term_string"}}],"inLanguage":"en-US"},{"@type":"Organization","@id":"https:\/\/fenua-mataioa.com\/#organization","name":"FENUA MATA I OA","url":"https:\/\/fenua-mataioa.com\/","logo":{"@type":"ImageObject","inLanguage":"en-US","@id":"https:\/\/fenua-mataioa.com\/#\/schema\/logo\/image\/","url":"https:\/\/fenua-mataioa.com\/wp-content\/uploads\/2020\/01\/logo.png","contentUrl":"https:\/\/fenua-mataioa.com\/wp-content\/uploads\/2020\/01\/logo.png","width":250,"height":70,"caption":"FENUA MATA I OA"},"image":{"@id":"https:\/\/fenua-mataioa.com\/#\/schema\/logo\/image\/"}}]}},"_links":{"self":[{"href":"https:\/\/fenua-mataioa.com\/en\/wp-json\/wp\/v2\/pages\/2928","targetHints":{"allow":["GET"]}}],"collection":[{"href":"https:\/\/fenua-mataioa.com\/en\/wp-json\/wp\/v2\/pages"}],"about":[{"href":"https:\/\/fenua-mataioa.com\/en\/wp-json\/wp\/v2\/types\/page"}],"author":[{"embeddable":true,"href":"https:\/\/fenua-mataioa.com\/en\/wp-json\/wp\/v2\/users\/3"}],"replies":[{"embeddable":true,"href":"https:\/\/fenua-mataioa.com\/en\/wp-json\/wp\/v2\/comments?post=2928"}],"version-history":[{"count":11,"href":"https:\/\/fenua-mataioa.com\/en\/wp-json\/wp\/v2\/pages\/2928\/revisions"}],"predecessor-version":[{"id":2947,"href":"https:\/\/fenua-mataioa.com\/en\/wp-json\/wp\/v2\/pages\/2928\/revisions\/2947"}],"wp:attachment":[{"href":"https:\/\/fenua-mataioa.com\/en\/wp-json\/wp\/v2\/media?parent=2928"}],"curies":[{"name":"wp","href":"https:\/\/api.w.org\/{rel}","templated":true}]}}