{"id":1888,"date":"2024-11-06T16:32:29","date_gmt":"2024-11-07T02:32:29","guid":{"rendered":"https:\/\/fenua-mataioa.com\/?page_id=1888"},"modified":"2024-11-07T17:29:27","modified_gmt":"2024-11-08T03:29:27","slug":"comment-se-rendre-a-lhotel-fenua-mataioa","status":"publish","type":"page","link":"https:\/\/fenua-mataioa.com\/en\/destination\/comment-se-rendre-a-lhotel-fenua-mataioa\/","title":{"rendered":"HOW TO GET TO FENUA MATA&#039;I&#039;OA HOTEL"},"content":{"rendered":"<div data-elementor-type=\"wp-page\" data-elementor-id=\"1888\" class=\"elementor elementor-1888\" data-elementor-post-type=\"page\">\n\t\t\t\t<div data-particle_enable=\"false\" data-particle-mobile-disabled=\"false\" class=\"elementor-element elementor-element-4522998 e-flex e-con-boxed e-con e-parent\" data-id=\"4522998\" data-element_type=\"container\" data-e-type=\"container\" data-settings=\"{&quot;background_background&quot;:&quot;classic&quot;}\">\n\t\t\t\t\t<div class=\"e-con-inner\">\n\t\t\t\t\t<\/div>\n\t\t\t\t<\/div>\n\t\t<div data-particle_enable=\"false\" data-particle-mobile-disabled=\"false\" class=\"elementor-element elementor-element-bd032a2 e-flex e-con-boxed e-con e-parent\" data-id=\"bd032a2\" data-element_type=\"container\" data-e-type=\"container\">\n\t\t\t\t\t<div class=\"e-con-inner\">\n\t\t<div data-particle_enable=\"false\" data-particle-mobile-disabled=\"false\" class=\"elementor-element elementor-element-d1f07b0 e-con-full e-flex e-con e-child\" data-id=\"d1f07b0\" data-element_type=\"container\" data-e-type=\"container\">\n\t\t<div data-particle_enable=\"false\" data-particle-mobile-disabled=\"false\" class=\"elementor-element elementor-element-a4ff2f9 e-con-full e-flex e-con e-child\" data-id=\"a4ff2f9\" data-element_type=\"container\" data-e-type=\"container\">\n\t\t\t\t<div class=\"elementor-element elementor-element-3d4e549 elementor-widget elementor-widget-heading\" data-id=\"3d4e549\" data-element_type=\"widget\" data-e-type=\"widget\" data-widget_type=\"heading.default\">\n\t\t\t\t<div class=\"elementor-widget-container\">\n\t\t\t\t\t<h2 class=\"elementor-heading-title elementor-size-default\">Destination<\/h2>\t\t\t\t<\/div>\n\t\t\t\t<\/div>\n\t\t\t\t<div class=\"elementor-element elementor-element-fa7b3ac elementor-widget elementor-widget-heading\" data-id=\"fa7b3ac\" data-element_type=\"widget\" data-e-type=\"widget\" data-widget_type=\"heading.default\">\n\t\t\t\t<div class=\"elementor-widget-container\">\n\t\t\t\t\t<h2 class=\"elementor-heading-title elementor-size-default\">HOW TO GET TO FENUA MATA&#039;I&#039;OA HOTEL<\/h2>\t\t\t\t<\/div>\n\t\t\t\t<\/div>\n\t\t\t\t<\/div>\n\t\t\t\t<div class=\"elementor-element elementor-element-2a6221d elementor-widget elementor-widget-text-editor\" data-id=\"2a6221d\" data-element_type=\"widget\" data-e-type=\"widget\" data-widget_type=\"text-editor.default\">\n\t\t\t\t<div class=\"elementor-widget-container\">\n\t\t\t\t\t\t\t\t\t<p style=\"font-weight: 400;\">We can book you a private transfer from Moorea Airport or the ferry dock to the hotel.<\/p><p style=\"font-weight: 400;\">Just contact us by email and give us the departure time from Papeete and the name of the company if you arrive by boat or the island of departure, the flight number and the arrival time<\/p><p style=\"font-weight: 400;\">in Moorea if you arrive by plane.<\/p><p style=\"font-weight: 400;\">The price is 6,000 xpf for the trip for 1 to 4 people.<\/p><p style=\"font-weight: 400;\">You can also skip the reservation and take a taxi upon arrival in Moorea. It&#039;s the same fare, and there are always taxis available at the airport or ferry dock.<\/p>\t\t\t\t\t\t\t\t<\/div>\n\t\t\t\t<\/div>\n\t\t\t\t<\/div>\n\t\t\t\t\t<\/div>\n\t\t\t\t<\/div>\n\t\t<div data-particle_enable=\"false\" data-particle-mobile-disabled=\"false\" class=\"elementor-element elementor-element-b0117c4 e-flex e-con-boxed e-con e-parent\" data-id=\"b0117c4\" data-element_type=\"container\" data-e-type=\"container\" data-settings=\"{&quot;background_background&quot;:&quot;classic&quot;}\">\n\t\t\t\t\t<div class=\"e-con-inner\">\n\t\t\t\t<div class=\"elementor-element elementor-element-0dfc300 elementor-arrows-position-inside elementor-pagination-position-outside elementor-widget elementor-widget-image-carousel\" data-id=\"0dfc300\" data-element_type=\"widget\" data-e-type=\"widget\" data-settings=\"{&quot;slides_to_show&quot;:&quot;3&quot;,&quot;navigation&quot;:&quot;both&quot;,&quot;autoplay&quot;:&quot;yes&quot;,&quot;pause_on_hover&quot;:&quot;yes&quot;,&quot;pause_on_interaction&quot;:&quot;yes&quot;,&quot;autoplay_speed&quot;:5000,&quot;infinite&quot;:&quot;yes&quot;,&quot;speed&quot;:500}\" data-widget_type=\"image-carousel.default\">\n\t\t\t\t<div class=\"elementor-widget-container\">\n\t\t\t\t\t\t\t<div class=\"elementor-image-carousel-wrapper swiper\" role=\"region\" aria-roledescription=\"carousel\" aria-label=\"Image Carousel\" dir=\"ltr\">\n\t\t\t<div class=\"elementor-image-carousel swiper-wrapper\" aria-live=\"off\">\n\t\t\t\t\t\t\t\t<div class=\"swiper-slide\" role=\"group\" aria-roledescription=\"slide\" aria-label=\"1 of 3\" data-no-translation-aria-label=\"\"><figure class=\"swiper-slide-inner\"><img decoding=\"async\" class=\"swiper-slide-image\" src=\"https:\/\/fenua-mataioa.com\/wp-content\/uploads\/2024\/11\/2-Destination-scaled.jpg\" alt=\"2 Destination\" \/><\/figure><\/div><div class=\"swiper-slide\" role=\"group\" aria-roledescription=\"slide\" aria-label=\"2 of 3\" data-no-translation-aria-label=\"\"><figure class=\"swiper-slide-inner\"><img decoding=\"async\" class=\"swiper-slide-image\" src=\"https:\/\/fenua-mataioa.com\/wp-content\/uploads\/2024\/11\/3-Magie-dun-soir-scaled.jpg\" alt=\"3 Magie d&#039;un soir\" \/><\/figure><\/div><div class=\"swiper-slide\" role=\"group\" aria-roledescription=\"slide\" aria-label=\"3 of 3\" data-no-translation-aria-label=\"\"><figure class=\"swiper-slide-inner\"><img decoding=\"async\" class=\"swiper-slide-image\" src=\"https:\/\/fenua-mataioa.com\/wp-content\/uploads\/2024\/11\/IMG_20210327_091833_edit_163679467561480-scaled.jpeg\" alt=\"rhdr\" \/><\/figure><\/div>\t\t\t<\/div>\n\t\t\t\t\t\t\t\t\t\t\t\t<div class=\"elementor-swiper-button elementor-swiper-button-prev\" role=\"button\" tabindex=\"0\">\n\t\t\t\t\t\t<svg aria-hidden=\"true\" class=\"e-font-icon-svg e-eicon-chevron-left\" viewbox=\"0 0 1000 1000\" xmlns=\"http:\/\/www.w3.org\/2000\/svg\"><path d=\"M646 125C629 125 613 133 604 142L308 442C296 454 292 471 292 487 292 504 296 521 308 533L604 854C617 867 629 875 646 875 663 875 679 871 692 858 704 846 713 829 713 812 713 796 708 779 692 767L438 487 692 225C700 217 708 204 708 187 708 171 704 154 692 142 675 129 663 125 646 125Z\"><\/path><\/svg>\t\t\t\t\t<\/div>\n\t\t\t\t\t<div class=\"elementor-swiper-button elementor-swiper-button-next\" role=\"button\" tabindex=\"0\">\n\t\t\t\t\t\t<svg aria-hidden=\"true\" class=\"e-font-icon-svg e-eicon-chevron-right\" viewbox=\"0 0 1000 1000\" xmlns=\"http:\/\/www.w3.org\/2000\/svg\"><path d=\"M696 533C708 521 713 504 713 487 713 471 708 454 696 446L400 146C388 133 375 125 354 125 338 125 325 129 313 142 300 154 292 171 292 187 292 204 296 221 308 233L563 492 304 771C292 783 288 800 288 817 288 833 296 850 308 863 321 871 338 875 354 875 371 875 388 867 400 854L696 533Z\"><\/path><\/svg>\t\t\t\t\t<\/div>\n\t\t\t\t\n\t\t\t\t\t\t\t\t\t<div class=\"swiper-pagination\"><\/div>\n\t\t\t\t\t\t\t\t\t<\/div>\n\t\t\t\t\t\t<\/div>\n\t\t\t\t<\/div>\n\t\t\t\t\t<\/div>\n\t\t\t\t<\/div>\n\t\t\t\t<\/div>","protected":false},"excerpt":{"rendered":"<p>Destination Nous pouvons vous r\u00e9server un transfert priv\u00e9 depuis l&rsquo;a\u00e9roport de Moorea ou le quai des ferries jusqu&rsquo;\u00e0 l&rsquo;h\u00f4tel. Il suffit de nous contacter par e-mail et nous donner l&rsquo;heure de d\u00e9part de Papeete et le nom de la compagnie si vous arrivez par bateau ou l&rsquo;\u00eele de d\u00e9part, le N\u00b0 de vol et l&rsquo;heure [&hellip;]<\/p>\n","protected":false},"author":3,"featured_media":0,"parent":1600,"menu_order":0,"comment_status":"closed","ping_status":"closed","template":"","meta":{"_acf_changed":false,"footnotes":""},"class_list":["post-1888","page","type-page","status-publish","hentry"],"acf":[],"yoast_head":"<!-- This site is optimized with the Yoast SEO plugin v27.5 - https:\/\/yoast.com\/product\/yoast-seo-wordpress\/ -->\n<title>COMMENT SE RENDRE A L&#039;H\u00d4TEL FENUA MATA&#039;I&#039;OA - FENUA MATA I OA<\/title>\n<meta name=\"robots\" content=\"index, follow, max-snippet:-1, max-image-preview:large, max-video-preview:-1\" \/>\n<link rel=\"canonical\" href=\"https:\/\/fenua-mataioa.com\/en\/destination\/comment-se-rendre-a-lhotel-fenua-mataioa\/\" \/>\n<meta property=\"og:locale\" content=\"en_US\" \/>\n<meta property=\"og:type\" content=\"article\" \/>\n<meta property=\"og:title\" content=\"COMMENT SE RENDRE A L&#039;H\u00d4TEL FENUA MATA&#039;I&#039;OA - FENUA MATA I OA\" \/>\n<meta property=\"og:description\" content=\"Destination Nous pouvons vous r\u00e9server un transfert priv\u00e9 depuis l&rsquo;a\u00e9roport de Moorea ou le quai des ferries jusqu&rsquo;\u00e0 l&rsquo;h\u00f4tel. Il suffit de nous contacter par e-mail et nous donner l&rsquo;heure de d\u00e9part de Papeete et le nom de la compagnie si vous arrivez par bateau ou l&rsquo;\u00eele de d\u00e9part, le N\u00b0 de vol et l&rsquo;heure [&hellip;]\" \/>\n<meta property=\"og:url\" content=\"https:\/\/fenua-mataioa.com\/en\/destination\/comment-se-rendre-a-lhotel-fenua-mataioa\/\" \/>\n<meta property=\"og:site_name\" content=\"FENUA MATA I OA\" \/>\n<meta property=\"article:modified_time\" content=\"2024-11-08T03:29:27+00:00\" \/>\n<meta property=\"og:image\" content=\"https:\/\/fenua-mataioa.com\/wp-content\/uploads\/2024\/11\/2-Destination-scaled.jpg\" \/>\n<meta name=\"twitter:card\" content=\"summary_large_image\" \/>\n<meta name=\"twitter:label1\" content=\"Est. reading time\" \/>\n\t<meta name=\"twitter:data1\" content=\"3 minutes\" \/>\n<script type=\"application\/ld+json\" class=\"yoast-schema-graph\">{\"@context\":\"https:\\\/\\\/schema.org\",\"@graph\":[{\"@type\":\"WebPage\",\"@id\":\"https:\\\/\\\/fenua-mataioa.com\\\/destination\\\/comment-se-rendre-a-lhotel-fenua-mataioa\\\/\",\"url\":\"https:\\\/\\\/fenua-mataioa.com\\\/destination\\\/comment-se-rendre-a-lhotel-fenua-mataioa\\\/\",\"name\":\"COMMENT SE RENDRE A L'H\u00d4TEL FENUA MATA'I'OA - FENUA MATA I OA\",\"isPartOf\":{\"@id\":\"https:\\\/\\\/fenua-mataioa.com\\\/#website\"},\"primaryImageOfPage\":{\"@id\":\"https:\\\/\\\/fenua-mataioa.com\\\/destination\\\/comment-se-rendre-a-lhotel-fenua-mataioa\\\/#primaryimage\"},\"image\":{\"@id\":\"https:\\\/\\\/fenua-mataioa.com\\\/destination\\\/comment-se-rendre-a-lhotel-fenua-mataioa\\\/#primaryimage\"},\"thumbnailUrl\":\"https:\\\/\\\/fenua-mataioa.com\\\/wp-content\\\/uploads\\\/2024\\\/11\\\/2-Destination-scaled.jpg\",\"datePublished\":\"2024-11-07T02:32:29+00:00\",\"dateModified\":\"2024-11-08T03:29:27+00:00\",\"breadcrumb\":{\"@id\":\"https:\\\/\\\/fenua-mataioa.com\\\/destination\\\/comment-se-rendre-a-lhotel-fenua-mataioa\\\/#breadcrumb\"},\"inLanguage\":\"en-US\",\"potentialAction\":[{\"@type\":\"ReadAction\",\"target\":[\"https:\\\/\\\/fenua-mataioa.com\\\/destination\\\/comment-se-rendre-a-lhotel-fenua-mataioa\\\/\"]}]},{\"@type\":\"ImageObject\",\"inLanguage\":\"en-US\",\"@id\":\"https:\\\/\\\/fenua-mataioa.com\\\/destination\\\/comment-se-rendre-a-lhotel-fenua-mataioa\\\/#primaryimage\",\"url\":\"https:\\\/\\\/fenua-mataioa.com\\\/wp-content\\\/uploads\\\/2024\\\/11\\\/2-Destination-scaled.jpg\",\"contentUrl\":\"https:\\\/\\\/fenua-mataioa.com\\\/wp-content\\\/uploads\\\/2024\\\/11\\\/2-Destination-scaled.jpg\"},{\"@type\":\"BreadcrumbList\",\"@id\":\"https:\\\/\\\/fenua-mataioa.com\\\/destination\\\/comment-se-rendre-a-lhotel-fenua-mataioa\\\/#breadcrumb\",\"itemListElement\":[{\"@type\":\"ListItem\",\"position\":1,\"name\":\"Accueil\",\"item\":\"https:\\\/\\\/fenua-mataioa.com\\\/\"},{\"@type\":\"ListItem\",\"position\":2,\"name\":\"Destination\",\"item\":\"https:\\\/\\\/fenua-mataioa.com\\\/destination\\\/\"},{\"@type\":\"ListItem\",\"position\":3,\"name\":\"COMMENT SE RENDRE A L&rsquo;H\u00d4TEL FENUA MATA&rsquo;I&rsquo;OA\"}]},{\"@type\":\"WebSite\",\"@id\":\"https:\\\/\\\/fenua-mataioa.com\\\/#website\",\"url\":\"https:\\\/\\\/fenua-mataioa.com\\\/\",\"name\":\"FENUA MATA I OA\",\"description\":\"\",\"publisher\":{\"@id\":\"https:\\\/\\\/fenua-mataioa.com\\\/#organization\"},\"potentialAction\":[{\"@type\":\"SearchAction\",\"target\":{\"@type\":\"EntryPoint\",\"urlTemplate\":\"https:\\\/\\\/fenua-mataioa.com\\\/?s={search_term_string}\"},\"query-input\":{\"@type\":\"PropertyValueSpecification\",\"valueRequired\":true,\"valueName\":\"search_term_string\"}}],\"inLanguage\":\"en-US\"},{\"@type\":\"Organization\",\"@id\":\"https:\\\/\\\/fenua-mataioa.com\\\/#organization\",\"name\":\"FENUA MATA I OA\",\"url\":\"https:\\\/\\\/fenua-mataioa.com\\\/\",\"logo\":{\"@type\":\"ImageObject\",\"inLanguage\":\"en-US\",\"@id\":\"https:\\\/\\\/fenua-mataioa.com\\\/#\\\/schema\\\/logo\\\/image\\\/\",\"url\":\"https:\\\/\\\/fenua-mataioa.com\\\/wp-content\\\/uploads\\\/2020\\\/01\\\/logo.png\",\"contentUrl\":\"https:\\\/\\\/fenua-mataioa.com\\\/wp-content\\\/uploads\\\/2020\\\/01\\\/logo.png\",\"width\":250,\"height\":70,\"caption\":\"FENUA MATA I OA\"},\"image\":{\"@id\":\"https:\\\/\\\/fenua-mataioa.com\\\/#\\\/schema\\\/logo\\\/image\\\/\"}}]}<\/script>\n<!-- \/ Yoast SEO plugin. -->","yoast_head_json":{"title":"HOW TO GET TO THE FENUA MATA&#039;I&#039;OA HOTEL - FENUA MATA I OA","robots":{"index":"index","follow":"follow","max-snippet":"max-snippet:-1","max-image-preview":"max-image-preview:large","max-video-preview":"max-video-preview:-1"},"canonical":"https:\/\/fenua-mataioa.com\/en\/destination\/comment-se-rendre-a-lhotel-fenua-mataioa\/","og_locale":"en_US","og_type":"article","og_title":"COMMENT SE RENDRE A L'H\u00d4TEL FENUA MATA'I'OA - FENUA MATA I OA","og_description":"Destination Nous pouvons vous r\u00e9server un transfert priv\u00e9 depuis l&rsquo;a\u00e9roport de Moorea ou le quai des ferries jusqu&rsquo;\u00e0 l&rsquo;h\u00f4tel. Il suffit de nous contacter par e-mail et nous donner l&rsquo;heure de d\u00e9part de Papeete et le nom de la compagnie si vous arrivez par bateau ou l&rsquo;\u00eele de d\u00e9part, le N\u00b0 de vol et l&rsquo;heure [&hellip;]","og_url":"https:\/\/fenua-mataioa.com\/en\/destination\/comment-se-rendre-a-lhotel-fenua-mataioa\/","og_site_name":"FENUA MATA I OA","article_modified_time":"2024-11-08T03:29:27+00:00","og_image":[{"url":"https:\/\/fenua-mataioa.com\/wp-content\/uploads\/2024\/11\/2-Destination-scaled.jpg","type":"","width":"","height":""}],"twitter_card":"summary_large_image","twitter_misc":{"Est. reading time":"3 minutes"},"schema":{"@context":"https:\/\/schema.org","@graph":[{"@type":"WebPage","@id":"https:\/\/fenua-mataioa.com\/destination\/comment-se-rendre-a-lhotel-fenua-mataioa\/","url":"https:\/\/fenua-mataioa.com\/destination\/comment-se-rendre-a-lhotel-fenua-mataioa\/","name":"HOW TO GET TO THE FENUA MATA&#039;I&#039;OA HOTEL - FENUA MATA I OA","isPartOf":{"@id":"https:\/\/fenua-mataioa.com\/#website"},"primaryImageOfPage":{"@id":"https:\/\/fenua-mataioa.com\/destination\/comment-se-rendre-a-lhotel-fenua-mataioa\/#primaryimage"},"image":{"@id":"https:\/\/fenua-mataioa.com\/destination\/comment-se-rendre-a-lhotel-fenua-mataioa\/#primaryimage"},"thumbnailUrl":"https:\/\/fenua-mataioa.com\/wp-content\/uploads\/2024\/11\/2-Destination-scaled.jpg","datePublished":"2024-11-07T02:32:29+00:00","dateModified":"2024-11-08T03:29:27+00:00","breadcrumb":{"@id":"https:\/\/fenua-mataioa.com\/destination\/comment-se-rendre-a-lhotel-fenua-mataioa\/#breadcrumb"},"inLanguage":"en-US","potentialAction":[{"@type":"ReadAction","target":["https:\/\/fenua-mataioa.com\/destination\/comment-se-rendre-a-lhotel-fenua-mataioa\/"]}]},{"@type":"ImageObject","inLanguage":"en-US","@id":"https:\/\/fenua-mataioa.com\/destination\/comment-se-rendre-a-lhotel-fenua-mataioa\/#primaryimage","url":"https:\/\/fenua-mataioa.com\/wp-content\/uploads\/2024\/11\/2-Destination-scaled.jpg","contentUrl":"https:\/\/fenua-mataioa.com\/wp-content\/uploads\/2024\/11\/2-Destination-scaled.jpg"},{"@type":"BreadcrumbList","@id":"https:\/\/fenua-mataioa.com\/destination\/comment-se-rendre-a-lhotel-fenua-mataioa\/#breadcrumb","itemListElement":[{"@type":"ListItem","position":1,"name":"Accueil","item":"https:\/\/fenua-mataioa.com\/"},{"@type":"ListItem","position":2,"name":"Destination","item":"https:\/\/fenua-mataioa.com\/destination\/"},{"@type":"ListItem","position":3,"name":"COMMENT SE RENDRE A L&rsquo;H\u00d4TEL FENUA MATA&rsquo;I&rsquo;OA"}]},{"@type":"WebSite","@id":"https:\/\/fenua-mataioa.com\/#website","url":"https:\/\/fenua-mataioa.com\/","name":"FENUA MATA I OA","description":"","publisher":{"@id":"https:\/\/fenua-mataioa.com\/#organization"},"potentialAction":[{"@type":"SearchAction","target":{"@type":"EntryPoint","urlTemplate":"https:\/\/fenua-mataioa.com\/?s={search_term_string}"},"query-input":{"@type":"PropertyValueSpecification","valueRequired":true,"valueName":"search_term_string"}}],"inLanguage":"en-US"},{"@type":"Organization","@id":"https:\/\/fenua-mataioa.com\/#organization","name":"FENUA MATA I OA","url":"https:\/\/fenua-mataioa.com\/","logo":{"@type":"ImageObject","inLanguage":"en-US","@id":"https:\/\/fenua-mataioa.com\/#\/schema\/logo\/image\/","url":"https:\/\/fenua-mataioa.com\/wp-content\/uploads\/2020\/01\/logo.png","contentUrl":"https:\/\/fenua-mataioa.com\/wp-content\/uploads\/2020\/01\/logo.png","width":250,"height":70,"caption":"FENUA MATA I OA"},"image":{"@id":"https:\/\/fenua-mataioa.com\/#\/schema\/logo\/image\/"}}]}},"_links":{"self":[{"href":"https:\/\/fenua-mataioa.com\/en\/wp-json\/wp\/v2\/pages\/1888","targetHints":{"allow":["GET"]}}],"collection":[{"href":"https:\/\/fenua-mataioa.com\/en\/wp-json\/wp\/v2\/pages"}],"about":[{"href":"https:\/\/fenua-mataioa.com\/en\/wp-json\/wp\/v2\/types\/page"}],"author":[{"embeddable":true,"href":"https:\/\/fenua-mataioa.com\/en\/wp-json\/wp\/v2\/users\/3"}],"replies":[{"embeddable":true,"href":"https:\/\/fenua-mataioa.com\/en\/wp-json\/wp\/v2\/comments?post=1888"}],"version-history":[{"count":10,"href":"https:\/\/fenua-mataioa.com\/en\/wp-json\/wp\/v2\/pages\/1888\/revisions"}],"predecessor-version":[{"id":1966,"href":"https:\/\/fenua-mataioa.com\/en\/wp-json\/wp\/v2\/pages\/1888\/revisions\/1966"}],"up":[{"embeddable":true,"href":"https:\/\/fenua-mataioa.com\/en\/wp-json\/wp\/v2\/pages\/1600"}],"wp:attachment":[{"href":"https:\/\/fenua-mataioa.com\/en\/wp-json\/wp\/v2\/media?parent=1888"}],"curies":[{"name":"wp","href":"https:\/\/api.w.org\/{rel}","templated":true}]}}