{"id":1886,"date":"2024-11-06T16:32:04","date_gmt":"2024-11-07T02:32:04","guid":{"rendered":"https:\/\/fenua-mataioa.com\/?page_id=1886"},"modified":"2024-11-07T17:26:19","modified_gmt":"2024-11-08T03:26:19","slug":"comment-se-rendre-a-moorea","status":"publish","type":"page","link":"https:\/\/fenua-mataioa.com\/en\/destination\/comment-se-rendre-a-moorea\/","title":{"rendered":"HOW TO GET TO MOOREA"},"content":{"rendered":"<div data-elementor-type=\"wp-page\" data-elementor-id=\"1886\" class=\"elementor elementor-1886\" data-elementor-post-type=\"page\">\n\t\t\t\t<div data-particle_enable=\"false\" data-particle-mobile-disabled=\"false\" class=\"elementor-element elementor-element-06e81a9 e-flex e-con-boxed e-con e-parent\" data-id=\"06e81a9\" data-element_type=\"container\" data-e-type=\"container\" data-settings=\"{&quot;background_background&quot;:&quot;classic&quot;}\">\n\t\t\t\t\t<div class=\"e-con-inner\">\n\t\t\t\t\t<\/div>\n\t\t\t\t<\/div>\n\t\t<div data-particle_enable=\"false\" data-particle-mobile-disabled=\"false\" class=\"elementor-element elementor-element-3750cc1 e-flex e-con-boxed e-con e-parent\" data-id=\"3750cc1\" data-element_type=\"container\" data-e-type=\"container\">\n\t\t\t\t\t<div class=\"e-con-inner\">\n\t\t<div data-particle_enable=\"false\" data-particle-mobile-disabled=\"false\" class=\"elementor-element elementor-element-fc3fefe e-con-full e-flex e-con e-child\" data-id=\"fc3fefe\" data-element_type=\"container\" data-e-type=\"container\">\n\t\t<div data-particle_enable=\"false\" data-particle-mobile-disabled=\"false\" class=\"elementor-element elementor-element-7d4d096 e-con-full e-flex e-con e-child\" data-id=\"7d4d096\" data-element_type=\"container\" data-e-type=\"container\">\n\t\t\t\t<div class=\"elementor-element elementor-element-81e38a0 elementor-widget elementor-widget-heading\" data-id=\"81e38a0\" data-element_type=\"widget\" data-e-type=\"widget\" data-widget_type=\"heading.default\">\n\t\t\t\t<div class=\"elementor-widget-container\">\n\t\t\t\t\t<h2 class=\"elementor-heading-title elementor-size-default\">Destination<\/h2>\t\t\t\t<\/div>\n\t\t\t\t<\/div>\n\t\t\t\t<div class=\"elementor-element elementor-element-050de9f elementor-widget elementor-widget-heading\" data-id=\"050de9f\" data-element_type=\"widget\" data-e-type=\"widget\" data-widget_type=\"heading.default\">\n\t\t\t\t<div class=\"elementor-widget-container\">\n\t\t\t\t\t<h2 class=\"elementor-heading-title elementor-size-default\">HOW TO GET TO MOOREA<\/h2>\t\t\t\t<\/div>\n\t\t\t\t<\/div>\n\t\t\t\t<\/div>\n\t\t\t\t<div class=\"elementor-element elementor-element-3b9c457 elementor-widget elementor-widget-text-editor\" data-id=\"3b9c457\" data-element_type=\"widget\" data-e-type=\"widget\" data-widget_type=\"text-editor.default\">\n\t\t\t\t<div class=\"elementor-widget-container\">\n\t\t\t\t\t\t\t\t\t<p style=\"font-weight: 400;\">All flights arrive at Faa&#039;a International Airport, located near the city of Papeete on the main island of Tahiti. Due to its proximity to Tahiti, Moorea is easy and quick to reach.<\/p><p style=\"font-weight: 400;\">Please note: if your flight arrives in the evening, you will have to spend the night on the island of Tahiti because transfers between Tahiti and Moorea are not operated after 5:00 p.m.<\/p><p style=\"font-weight: 400;\">Likewise, if your return flight is scheduled early in the morning, plan to spend the night before your departure in Tahiti.<\/p><p style=\"font-weight: 400;\"><strong>FERRY TO MOOREA<\/strong><\/p><p style=\"font-weight: 400;\">The most convenient way to reach Moorea from Tahiti is by ferry, a scenic journey that takes 30 to 60 minutes. Several ferry companies offer daily schedules, departing from the port of Papeete and arriving at Vaiare Marina in Moorea. Prices start at 1,500XPF (\u20ac13) each way.<\/p><p style=\"font-weight: 400;\">First ferry: Around 06:00 every day<\/p><p style=\"font-weight: 400;\">Last ferry: Around 5:30pm every day<\/p><p style=\"font-weight: 400;\"><a href=\"https:\/\/www.terevau.pf\/\" data-saferedirecturl=\"https:\/\/www.google.com\/url?q=https:\/\/www.terevau.pf\/&amp;source=gmail&amp;ust=1731010988885000&amp;usg=AOvVaw2xqOAtXtIhkIY3W37uASe0\">www.terevau.pf<\/a>\u00a0|\u00a0<a href=\"https:\/\/www.aremiti.pf\/\" data-saferedirecturl=\"https:\/\/www.google.com\/url?q=https:\/\/www.aremiti.pf\/&amp;source=gmail&amp;ust=1731010988885000&amp;usg=AOvVaw05t78kc8iCbLSOGICB6CBj\">www.aremiti.pf\u00a0<\/a><a href=\"https:\/\/www.aremiti.pf\/\" data-saferedirecturl=\"https:\/\/www.google.com\/url?q=https:\/\/www.aremiti.pf\/&amp;source=gmail&amp;ust=1731010988885000&amp;usg=AOvVaw05t78kc8iCbLSOGICB6CBj\">| www.tuateaferries.com | www.vaearai.com<\/a><\/p><p style=\"font-weight: 400;\"><strong>FLIGHT TO MOOREA<\/strong><\/p><p style=\"font-weight: 400;\">The 15-minute scenic flight between Tahiti and Moorea departs daily from \u20ac115 return in low season. There is one flight per day all year round between Tahiti and Moorea. There is also a flight to the island of Bora Bora from Moorea.<\/p><p style=\"font-weight: 400;\"><a href=\"http:\/\/www.airtahiti.com\/\" data-saferedirecturl=\"https:\/\/www.google.com\/url?q=http:\/\/www.airtahiti.com&amp;source=gmail&amp;ust=1731010988885000&amp;usg=AOvVaw09UAxFZBoFzxh7wFaRS8bb\">www.airtahiti.com<\/a><\/p>\t\t\t\t\t\t\t\t<\/div>\n\t\t\t\t<\/div>\n\t\t\t\t<\/div>\n\t\t\t\t\t<\/div>\n\t\t\t\t<\/div>\n\t\t<div data-particle_enable=\"false\" data-particle-mobile-disabled=\"false\" class=\"elementor-element elementor-element-1d451da e-flex e-con-boxed e-con e-parent\" data-id=\"1d451da\" data-element_type=\"container\" data-e-type=\"container\" data-settings=\"{&quot;background_background&quot;:&quot;classic&quot;}\">\n\t\t\t\t\t<div class=\"e-con-inner\">\n\t\t\t\t<div class=\"elementor-element elementor-element-3d5d43a elementor-arrows-position-inside elementor-pagination-position-outside elementor-widget elementor-widget-image-carousel\" data-id=\"3d5d43a\" data-element_type=\"widget\" data-e-type=\"widget\" data-settings=\"{&quot;slides_to_show&quot;:&quot;3&quot;,&quot;navigation&quot;:&quot;both&quot;,&quot;autoplay&quot;:&quot;yes&quot;,&quot;pause_on_hover&quot;:&quot;yes&quot;,&quot;pause_on_interaction&quot;:&quot;yes&quot;,&quot;autoplay_speed&quot;:5000,&quot;infinite&quot;:&quot;yes&quot;,&quot;speed&quot;:500}\" data-widget_type=\"image-carousel.default\">\n\t\t\t\t<div class=\"elementor-widget-container\">\n\t\t\t\t\t\t\t<div class=\"elementor-image-carousel-wrapper swiper\" role=\"region\" aria-roledescription=\"carousel\" aria-label=\"Image Carousel\" dir=\"ltr\">\n\t\t\t<div class=\"elementor-image-carousel swiper-wrapper\" aria-live=\"off\">\n\t\t\t\t\t\t\t\t<div class=\"swiper-slide\" role=\"group\" aria-roledescription=\"slide\" aria-label=\"1 of 3\" data-no-translation-aria-label=\"\"><figure class=\"swiper-slide-inner\"><img decoding=\"async\" class=\"swiper-slide-image\" src=\"https:\/\/fenua-mataioa.com\/wp-content\/uploads\/2024\/11\/2-Destination-scaled.jpg\" alt=\"2 Destination\" \/><\/figure><\/div><div class=\"swiper-slide\" role=\"group\" aria-roledescription=\"slide\" aria-label=\"2 of 3\" data-no-translation-aria-label=\"\"><figure class=\"swiper-slide-inner\"><img decoding=\"async\" class=\"swiper-slide-image\" src=\"https:\/\/fenua-mataioa.com\/wp-content\/uploads\/2024\/11\/3-Magie-dun-soir-scaled.jpg\" alt=\"3 Magie d&#039;un soir\" \/><\/figure><\/div><div class=\"swiper-slide\" role=\"group\" aria-roledescription=\"slide\" aria-label=\"3 of 3\" data-no-translation-aria-label=\"\"><figure class=\"swiper-slide-inner\"><img decoding=\"async\" class=\"swiper-slide-image\" src=\"https:\/\/fenua-mataioa.com\/wp-content\/uploads\/2024\/11\/IMG_20210327_091833_edit_163679467561480-scaled.jpeg\" alt=\"rhdr\" \/><\/figure><\/div>\t\t\t<\/div>\n\t\t\t\t\t\t\t\t\t\t\t\t<div class=\"elementor-swiper-button elementor-swiper-button-prev\" role=\"button\" tabindex=\"0\">\n\t\t\t\t\t\t<svg aria-hidden=\"true\" class=\"e-font-icon-svg e-eicon-chevron-left\" viewbox=\"0 0 1000 1000\" xmlns=\"http:\/\/www.w3.org\/2000\/svg\"><path d=\"M646 125C629 125 613 133 604 142L308 442C296 454 292 471 292 487 292 504 296 521 308 533L604 854C617 867 629 875 646 875 663 875 679 871 692 858 704 846 713 829 713 812 713 796 708 779 692 767L438 487 692 225C700 217 708 204 708 187 708 171 704 154 692 142 675 129 663 125 646 125Z\"><\/path><\/svg>\t\t\t\t\t<\/div>\n\t\t\t\t\t<div class=\"elementor-swiper-button elementor-swiper-button-next\" role=\"button\" tabindex=\"0\">\n\t\t\t\t\t\t<svg aria-hidden=\"true\" class=\"e-font-icon-svg e-eicon-chevron-right\" viewbox=\"0 0 1000 1000\" xmlns=\"http:\/\/www.w3.org\/2000\/svg\"><path d=\"M696 533C708 521 713 504 713 487 713 471 708 454 696 446L400 146C388 133 375 125 354 125 338 125 325 129 313 142 300 154 292 171 292 187 292 204 296 221 308 233L563 492 304 771C292 783 288 800 288 817 288 833 296 850 308 863 321 871 338 875 354 875 371 875 388 867 400 854L696 533Z\"><\/path><\/svg>\t\t\t\t\t<\/div>\n\t\t\t\t\n\t\t\t\t\t\t\t\t\t<div class=\"swiper-pagination\"><\/div>\n\t\t\t\t\t\t\t\t\t<\/div>\n\t\t\t\t\t\t<\/div>\n\t\t\t\t<\/div>\n\t\t\t\t\t<\/div>\n\t\t\t\t<\/div>\n\t\t\t\t<\/div>","protected":false},"excerpt":{"rendered":"<p>Destination Tous les vols arrivent \u00e0 l\u2019a\u00e9roport international de Faa\u2019a, situ\u00e9 pr\u00e8s de la ville de Papeete sur l\u2019\u00eele principale de Tahiti.\u00a0 En raison de la proximit\u00e9 de Tahiti, Moorea est facile et rapide \u00e0 atteindre. Attention: si votre vol arrive en soir\u00e9e, vous devrez passer la nuit sur l\u2019\u00eele de Tahiti car il les [&hellip;]<\/p>\n","protected":false},"author":3,"featured_media":0,"parent":1600,"menu_order":0,"comment_status":"closed","ping_status":"closed","template":"","meta":{"_acf_changed":false,"footnotes":""},"class_list":["post-1886","page","type-page","status-publish","hentry"],"acf":[],"yoast_head":"<!-- This site is optimized with the Yoast SEO plugin v27.5 - https:\/\/yoast.com\/product\/yoast-seo-wordpress\/ -->\n<title>COMMENT SE RENDRE A MOOREA - FENUA MATA I OA<\/title>\n<meta name=\"robots\" content=\"index, follow, max-snippet:-1, max-image-preview:large, max-video-preview:-1\" \/>\n<link rel=\"canonical\" href=\"https:\/\/fenua-mataioa.com\/en\/destination\/comment-se-rendre-a-moorea\/\" \/>\n<meta property=\"og:locale\" content=\"en_US\" \/>\n<meta property=\"og:type\" content=\"article\" \/>\n<meta property=\"og:title\" content=\"COMMENT SE RENDRE A MOOREA - FENUA MATA I OA\" \/>\n<meta property=\"og:description\" content=\"Destination Tous les vols arrivent \u00e0 l\u2019a\u00e9roport international de Faa\u2019a, situ\u00e9 pr\u00e8s de la ville de Papeete sur l\u2019\u00eele principale de Tahiti.\u00a0 En raison de la proximit\u00e9 de Tahiti, Moorea est facile et rapide \u00e0 atteindre. Attention: si votre vol arrive en soir\u00e9e, vous devrez passer la nuit sur l\u2019\u00eele de Tahiti car il les [&hellip;]\" \/>\n<meta property=\"og:url\" content=\"https:\/\/fenua-mataioa.com\/en\/destination\/comment-se-rendre-a-moorea\/\" \/>\n<meta property=\"og:site_name\" content=\"FENUA MATA I OA\" \/>\n<meta property=\"article:modified_time\" content=\"2024-11-08T03:26:19+00:00\" \/>\n<meta property=\"og:image\" content=\"https:\/\/fenua-mataioa.com\/wp-content\/uploads\/2024\/11\/2-Destination-scaled.jpg\" \/>\n<meta name=\"twitter:card\" content=\"summary_large_image\" \/>\n<meta name=\"twitter:label1\" content=\"Est. reading time\" \/>\n\t<meta name=\"twitter:data1\" content=\"3 minutes\" \/>\n<script type=\"application\/ld+json\" class=\"yoast-schema-graph\">{\"@context\":\"https:\\\/\\\/schema.org\",\"@graph\":[{\"@type\":\"WebPage\",\"@id\":\"https:\\\/\\\/fenua-mataioa.com\\\/destination\\\/comment-se-rendre-a-moorea\\\/\",\"url\":\"https:\\\/\\\/fenua-mataioa.com\\\/destination\\\/comment-se-rendre-a-moorea\\\/\",\"name\":\"COMMENT SE RENDRE A MOOREA - FENUA MATA I OA\",\"isPartOf\":{\"@id\":\"https:\\\/\\\/fenua-mataioa.com\\\/#website\"},\"primaryImageOfPage\":{\"@id\":\"https:\\\/\\\/fenua-mataioa.com\\\/destination\\\/comment-se-rendre-a-moorea\\\/#primaryimage\"},\"image\":{\"@id\":\"https:\\\/\\\/fenua-mataioa.com\\\/destination\\\/comment-se-rendre-a-moorea\\\/#primaryimage\"},\"thumbnailUrl\":\"https:\\\/\\\/fenua-mataioa.com\\\/wp-content\\\/uploads\\\/2024\\\/11\\\/2-Destination-scaled.jpg\",\"datePublished\":\"2024-11-07T02:32:04+00:00\",\"dateModified\":\"2024-11-08T03:26:19+00:00\",\"breadcrumb\":{\"@id\":\"https:\\\/\\\/fenua-mataioa.com\\\/destination\\\/comment-se-rendre-a-moorea\\\/#breadcrumb\"},\"inLanguage\":\"en-US\",\"potentialAction\":[{\"@type\":\"ReadAction\",\"target\":[\"https:\\\/\\\/fenua-mataioa.com\\\/destination\\\/comment-se-rendre-a-moorea\\\/\"]}]},{\"@type\":\"ImageObject\",\"inLanguage\":\"en-US\",\"@id\":\"https:\\\/\\\/fenua-mataioa.com\\\/destination\\\/comment-se-rendre-a-moorea\\\/#primaryimage\",\"url\":\"https:\\\/\\\/fenua-mataioa.com\\\/wp-content\\\/uploads\\\/2024\\\/11\\\/2-Destination-scaled.jpg\",\"contentUrl\":\"https:\\\/\\\/fenua-mataioa.com\\\/wp-content\\\/uploads\\\/2024\\\/11\\\/2-Destination-scaled.jpg\"},{\"@type\":\"BreadcrumbList\",\"@id\":\"https:\\\/\\\/fenua-mataioa.com\\\/destination\\\/comment-se-rendre-a-moorea\\\/#breadcrumb\",\"itemListElement\":[{\"@type\":\"ListItem\",\"position\":1,\"name\":\"Accueil\",\"item\":\"https:\\\/\\\/fenua-mataioa.com\\\/\"},{\"@type\":\"ListItem\",\"position\":2,\"name\":\"Destination\",\"item\":\"https:\\\/\\\/fenua-mataioa.com\\\/destination\\\/\"},{\"@type\":\"ListItem\",\"position\":3,\"name\":\"COMMENT SE RENDRE A MOOREA\"}]},{\"@type\":\"WebSite\",\"@id\":\"https:\\\/\\\/fenua-mataioa.com\\\/#website\",\"url\":\"https:\\\/\\\/fenua-mataioa.com\\\/\",\"name\":\"FENUA MATA I OA\",\"description\":\"\",\"publisher\":{\"@id\":\"https:\\\/\\\/fenua-mataioa.com\\\/#organization\"},\"potentialAction\":[{\"@type\":\"SearchAction\",\"target\":{\"@type\":\"EntryPoint\",\"urlTemplate\":\"https:\\\/\\\/fenua-mataioa.com\\\/?s={search_term_string}\"},\"query-input\":{\"@type\":\"PropertyValueSpecification\",\"valueRequired\":true,\"valueName\":\"search_term_string\"}}],\"inLanguage\":\"en-US\"},{\"@type\":\"Organization\",\"@id\":\"https:\\\/\\\/fenua-mataioa.com\\\/#organization\",\"name\":\"FENUA MATA I OA\",\"url\":\"https:\\\/\\\/fenua-mataioa.com\\\/\",\"logo\":{\"@type\":\"ImageObject\",\"inLanguage\":\"en-US\",\"@id\":\"https:\\\/\\\/fenua-mataioa.com\\\/#\\\/schema\\\/logo\\\/image\\\/\",\"url\":\"https:\\\/\\\/fenua-mataioa.com\\\/wp-content\\\/uploads\\\/2020\\\/01\\\/logo.png\",\"contentUrl\":\"https:\\\/\\\/fenua-mataioa.com\\\/wp-content\\\/uploads\\\/2020\\\/01\\\/logo.png\",\"width\":250,\"height\":70,\"caption\":\"FENUA MATA I OA\"},\"image\":{\"@id\":\"https:\\\/\\\/fenua-mataioa.com\\\/#\\\/schema\\\/logo\\\/image\\\/\"}}]}<\/script>\n<!-- \/ Yoast SEO plugin. -->","yoast_head_json":{"title":"HOW TO GET TO MOOREA - FENUA MATA I OA","robots":{"index":"index","follow":"follow","max-snippet":"max-snippet:-1","max-image-preview":"max-image-preview:large","max-video-preview":"max-video-preview:-1"},"canonical":"https:\/\/fenua-mataioa.com\/en\/destination\/comment-se-rendre-a-moorea\/","og_locale":"en_US","og_type":"article","og_title":"COMMENT SE RENDRE A MOOREA - FENUA MATA I OA","og_description":"Destination Tous les vols arrivent \u00e0 l\u2019a\u00e9roport international de Faa\u2019a, situ\u00e9 pr\u00e8s de la ville de Papeete sur l\u2019\u00eele principale de Tahiti.\u00a0 En raison de la proximit\u00e9 de Tahiti, Moorea est facile et rapide \u00e0 atteindre. Attention: si votre vol arrive en soir\u00e9e, vous devrez passer la nuit sur l\u2019\u00eele de Tahiti car il les [&hellip;]","og_url":"https:\/\/fenua-mataioa.com\/en\/destination\/comment-se-rendre-a-moorea\/","og_site_name":"FENUA MATA I OA","article_modified_time":"2024-11-08T03:26:19+00:00","og_image":[{"url":"https:\/\/fenua-mataioa.com\/wp-content\/uploads\/2024\/11\/2-Destination-scaled.jpg","type":"","width":"","height":""}],"twitter_card":"summary_large_image","twitter_misc":{"Est. reading time":"3 minutes"},"schema":{"@context":"https:\/\/schema.org","@graph":[{"@type":"WebPage","@id":"https:\/\/fenua-mataioa.com\/destination\/comment-se-rendre-a-moorea\/","url":"https:\/\/fenua-mataioa.com\/destination\/comment-se-rendre-a-moorea\/","name":"HOW TO GET TO MOOREA - FENUA MATA I OA","isPartOf":{"@id":"https:\/\/fenua-mataioa.com\/#website"},"primaryImageOfPage":{"@id":"https:\/\/fenua-mataioa.com\/destination\/comment-se-rendre-a-moorea\/#primaryimage"},"image":{"@id":"https:\/\/fenua-mataioa.com\/destination\/comment-se-rendre-a-moorea\/#primaryimage"},"thumbnailUrl":"https:\/\/fenua-mataioa.com\/wp-content\/uploads\/2024\/11\/2-Destination-scaled.jpg","datePublished":"2024-11-07T02:32:04+00:00","dateModified":"2024-11-08T03:26:19+00:00","breadcrumb":{"@id":"https:\/\/fenua-mataioa.com\/destination\/comment-se-rendre-a-moorea\/#breadcrumb"},"inLanguage":"en-US","potentialAction":[{"@type":"ReadAction","target":["https:\/\/fenua-mataioa.com\/destination\/comment-se-rendre-a-moorea\/"]}]},{"@type":"ImageObject","inLanguage":"en-US","@id":"https:\/\/fenua-mataioa.com\/destination\/comment-se-rendre-a-moorea\/#primaryimage","url":"https:\/\/fenua-mataioa.com\/wp-content\/uploads\/2024\/11\/2-Destination-scaled.jpg","contentUrl":"https:\/\/fenua-mataioa.com\/wp-content\/uploads\/2024\/11\/2-Destination-scaled.jpg"},{"@type":"BreadcrumbList","@id":"https:\/\/fenua-mataioa.com\/destination\/comment-se-rendre-a-moorea\/#breadcrumb","itemListElement":[{"@type":"ListItem","position":1,"name":"Accueil","item":"https:\/\/fenua-mataioa.com\/"},{"@type":"ListItem","position":2,"name":"Destination","item":"https:\/\/fenua-mataioa.com\/destination\/"},{"@type":"ListItem","position":3,"name":"COMMENT SE RENDRE A MOOREA"}]},{"@type":"WebSite","@id":"https:\/\/fenua-mataioa.com\/#website","url":"https:\/\/fenua-mataioa.com\/","name":"FENUA MATA I OA","description":"","publisher":{"@id":"https:\/\/fenua-mataioa.com\/#organization"},"potentialAction":[{"@type":"SearchAction","target":{"@type":"EntryPoint","urlTemplate":"https:\/\/fenua-mataioa.com\/?s={search_term_string}"},"query-input":{"@type":"PropertyValueSpecification","valueRequired":true,"valueName":"search_term_string"}}],"inLanguage":"en-US"},{"@type":"Organization","@id":"https:\/\/fenua-mataioa.com\/#organization","name":"FENUA MATA I OA","url":"https:\/\/fenua-mataioa.com\/","logo":{"@type":"ImageObject","inLanguage":"en-US","@id":"https:\/\/fenua-mataioa.com\/#\/schema\/logo\/image\/","url":"https:\/\/fenua-mataioa.com\/wp-content\/uploads\/2020\/01\/logo.png","contentUrl":"https:\/\/fenua-mataioa.com\/wp-content\/uploads\/2020\/01\/logo.png","width":250,"height":70,"caption":"FENUA MATA I OA"},"image":{"@id":"https:\/\/fenua-mataioa.com\/#\/schema\/logo\/image\/"}}]}},"_links":{"self":[{"href":"https:\/\/fenua-mataioa.com\/en\/wp-json\/wp\/v2\/pages\/1886","targetHints":{"allow":["GET"]}}],"collection":[{"href":"https:\/\/fenua-mataioa.com\/en\/wp-json\/wp\/v2\/pages"}],"about":[{"href":"https:\/\/fenua-mataioa.com\/en\/wp-json\/wp\/v2\/types\/page"}],"author":[{"embeddable":true,"href":"https:\/\/fenua-mataioa.com\/en\/wp-json\/wp\/v2\/users\/3"}],"replies":[{"embeddable":true,"href":"https:\/\/fenua-mataioa.com\/en\/wp-json\/wp\/v2\/comments?post=1886"}],"version-history":[{"count":10,"href":"https:\/\/fenua-mataioa.com\/en\/wp-json\/wp\/v2\/pages\/1886\/revisions"}],"predecessor-version":[{"id":1957,"href":"https:\/\/fenua-mataioa.com\/en\/wp-json\/wp\/v2\/pages\/1886\/revisions\/1957"}],"up":[{"embeddable":true,"href":"https:\/\/fenua-mataioa.com\/en\/wp-json\/wp\/v2\/pages\/1600"}],"wp:attachment":[{"href":"https:\/\/fenua-mataioa.com\/en\/wp-json\/wp\/v2\/media?parent=1886"}],"curies":[{"name":"wp","href":"https:\/\/api.w.org\/{rel}","templated":true}]}}