{"id":1884,"date":"2024-11-06T16:31:01","date_gmt":"2024-11-07T02:31:01","guid":{"rendered":"https:\/\/fenua-mataioa.com\/?page_id=1884"},"modified":"2024-11-06T16:40:23","modified_gmt":"2024-11-07T02:40:23","slug":"moorea-perle-de-la-polynesie","status":"publish","type":"page","link":"https:\/\/fenua-mataioa.com\/en\/destination\/moorea-perle-de-la-polynesie\/","title":{"rendered":"MOOREA, PEARL OF POLYNESIA"},"content":{"rendered":"<div data-elementor-type=\"wp-page\" data-elementor-id=\"1884\" class=\"elementor elementor-1884\" data-elementor-post-type=\"page\">\n\t\t\t\t<div data-particle_enable=\"false\" data-particle-mobile-disabled=\"false\" class=\"elementor-element elementor-element-2644e58 e-flex e-con-boxed e-con e-parent\" data-id=\"2644e58\" data-element_type=\"container\" data-e-type=\"container\" data-settings=\"{&quot;background_background&quot;:&quot;classic&quot;}\">\n\t\t\t\t\t<div class=\"e-con-inner\">\n\t\t\t\t\t<\/div>\n\t\t\t\t<\/div>\n\t\t<div data-particle_enable=\"false\" data-particle-mobile-disabled=\"false\" class=\"elementor-element elementor-element-81077a6 e-flex e-con-boxed e-con e-parent\" data-id=\"81077a6\" data-element_type=\"container\" data-e-type=\"container\">\n\t\t\t\t\t<div class=\"e-con-inner\">\n\t\t<div data-particle_enable=\"false\" data-particle-mobile-disabled=\"false\" class=\"elementor-element elementor-element-c11a1fa e-con-full e-flex e-con e-child\" data-id=\"c11a1fa\" data-element_type=\"container\" data-e-type=\"container\">\n\t\t<div data-particle_enable=\"false\" data-particle-mobile-disabled=\"false\" class=\"elementor-element elementor-element-0e15cf8 e-con-full e-flex e-con e-child\" data-id=\"0e15cf8\" data-element_type=\"container\" data-e-type=\"container\">\n\t\t\t\t<div class=\"elementor-element elementor-element-8a78539 elementor-widget elementor-widget-heading\" data-id=\"8a78539\" data-element_type=\"widget\" data-e-type=\"widget\" data-widget_type=\"heading.default\">\n\t\t\t\t<div class=\"elementor-widget-container\">\n\t\t\t\t\t<h2 class=\"elementor-heading-title elementor-size-default\">Destination<\/h2>\t\t\t\t<\/div>\n\t\t\t\t<\/div>\n\t\t\t\t<div class=\"elementor-element elementor-element-e2de155 elementor-widget elementor-widget-heading\" data-id=\"e2de155\" data-element_type=\"widget\" data-e-type=\"widget\" data-widget_type=\"heading.default\">\n\t\t\t\t<div class=\"elementor-widget-container\">\n\t\t\t\t\t<h2 class=\"elementor-heading-title elementor-size-default\">MOOREA, PEARL OF POLYNESIA<\/h2>\t\t\t\t<\/div>\n\t\t\t\t<\/div>\n\t\t\t\t<\/div>\n\t\t\t\t<div class=\"elementor-element elementor-element-a434719 elementor-widget elementor-widget-text-editor\" data-id=\"a434719\" data-element_type=\"widget\" data-e-type=\"widget\" data-widget_type=\"text-editor.default\">\n\t\t\t\t<div class=\"elementor-widget-container\">\n\t\t\t\t\t\t\t\t\t<p style=\"font-weight: 400;\">A 7-minute flight from Tahiti, you enter the Polynesia of yesteryear...at the Fenua Mata&#039;i&#039;oa hotel, time has stopped in this Polynesia you have dreamed of.<br \/>Moorea, a little paradise where life is so good\u2026<br \/><br \/>Moorea takes its name from a great Tahitian chief. In the past, the island also had the pretty name of Aimeho which meant &quot;hidden food&quot; because the island was the refuge of fugitive Tahitian warriors.<br \/>A volcanic massif with an area of 135 km2, Moorea was born around two million years ago and is the sister island of Tahiti. They are only 17 km apart... only 7 minutes by plane to find yourself on an island of exceptional beauty.<br \/>The flowers are abundant, the lagoon is magnificent. Moorea is considered one of the most beautiful islands in the Pacific. There you will discover superb landscapes of mountains and valleys whose green contrasts wonderfully with the turquoise of the lagoon.<br \/>The light there is magical due to the very pronounced relief of the island and the sunsets are unique.<br \/>Mount Rotui, like the guardian of distant times, mysteries and magic, offers a stunning spectacle. It rises to 899m and is framed by two superb bays: Cook&#039;s Bay and Opunohu Bay.<br \/>Captain Cook stayed in the bay that bears his name in 1777.<br \/>At the time it was called Pao Pao.<br \/>Opunohu Bay is the wildest. At the end of the bay stands the Tohiea or &quot;shark&#039;s tooth&quot;, a superb rocky peak.<br \/><br \/>Moorea is an island that you cannot miss and that is often difficult to leave.<br \/>It is a true pearl of Polynesia, a garden of Eden where time no longer stands, where we forget everything...we are at the end of the world, Moorea has bewitched us.<br \/>It is a large and fabulous butterfly that spreads its wings in the middle of the Pacific Ocean.<br \/><br \/>The TIAHURA district where the Fenua Mata&#039;i&#039;oa hotel is located is considered the most beautiful site in Moorea.<br \/>It is located in the northwest of the island.<br \/>This is the site of motus and encounters with rays and sharks.<\/p><p style=\"font-weight: 400;\">It is a paradise for water sports, boat trips, diving but also for relaxation and the good life.<br \/>The island is a delight at every moment.<br \/>Here, flowers have an important social character which goes from the offering of a flower necklace as a sign of welcome (maeva in Polynesian) to the warrior finery of the fierce tan\u00e9s.<\/p><p style=\"font-weight: 400;\">\u00a0<\/p><p style=\"font-weight: 400;\">At the FENUA MATA&#039;I&#039;OA Hotel, you will be greeted with flower necklaces and welcome cocktails.<\/p><p style=\"font-weight: 400;\">When you leave, we will offer you shell necklaces.<\/p>\t\t\t\t\t\t\t\t<\/div>\n\t\t\t\t<\/div>\n\t\t\t\t<\/div>\n\t\t\t\t\t<\/div>\n\t\t\t\t<\/div>\n\t\t<div data-particle_enable=\"false\" data-particle-mobile-disabled=\"false\" class=\"elementor-element elementor-element-053e6a3 e-flex e-con-boxed e-con e-parent\" data-id=\"053e6a3\" data-element_type=\"container\" data-e-type=\"container\" data-settings=\"{&quot;background_background&quot;:&quot;classic&quot;}\">\n\t\t\t\t\t<div class=\"e-con-inner\">\n\t\t\t\t<div class=\"elementor-element elementor-element-e227485 elementor-arrows-position-inside elementor-pagination-position-outside elementor-widget elementor-widget-image-carousel\" data-id=\"e227485\" data-element_type=\"widget\" data-e-type=\"widget\" data-settings=\"{&quot;slides_to_show&quot;:&quot;3&quot;,&quot;navigation&quot;:&quot;both&quot;,&quot;autoplay&quot;:&quot;yes&quot;,&quot;pause_on_hover&quot;:&quot;yes&quot;,&quot;pause_on_interaction&quot;:&quot;yes&quot;,&quot;autoplay_speed&quot;:5000,&quot;infinite&quot;:&quot;yes&quot;,&quot;speed&quot;:500}\" data-widget_type=\"image-carousel.default\">\n\t\t\t\t<div class=\"elementor-widget-container\">\n\t\t\t\t\t\t\t<div class=\"elementor-image-carousel-wrapper swiper\" role=\"region\" aria-roledescription=\"carousel\" aria-label=\"Image Carousel\" dir=\"ltr\">\n\t\t\t<div class=\"elementor-image-carousel swiper-wrapper\" aria-live=\"off\">\n\t\t\t\t\t\t\t\t<div class=\"swiper-slide\" role=\"group\" aria-roledescription=\"slide\" aria-label=\"1 of 3\" data-no-translation-aria-label=\"\"><figure class=\"swiper-slide-inner\"><img decoding=\"async\" class=\"swiper-slide-image\" src=\"https:\/\/fenua-mataioa.com\/wp-content\/uploads\/2024\/11\/2-Destination-scaled.jpg\" alt=\"2 Destination\" \/><\/figure><\/div><div class=\"swiper-slide\" role=\"group\" aria-roledescription=\"slide\" aria-label=\"2 of 3\" data-no-translation-aria-label=\"\"><figure class=\"swiper-slide-inner\"><img decoding=\"async\" class=\"swiper-slide-image\" src=\"https:\/\/fenua-mataioa.com\/wp-content\/uploads\/2024\/11\/3-Magie-dun-soir-scaled.jpg\" alt=\"3 Magie d&#039;un soir\" \/><\/figure><\/div><div class=\"swiper-slide\" role=\"group\" aria-roledescription=\"slide\" aria-label=\"3 of 3\" data-no-translation-aria-label=\"\"><figure class=\"swiper-slide-inner\"><img decoding=\"async\" class=\"swiper-slide-image\" src=\"https:\/\/fenua-mataioa.com\/wp-content\/uploads\/2024\/11\/IMG_20210327_091833_edit_163679467561480-scaled.jpeg\" alt=\"rhdr\" \/><\/figure><\/div>\t\t\t<\/div>\n\t\t\t\t\t\t\t\t\t\t\t\t<div class=\"elementor-swiper-button elementor-swiper-button-prev\" role=\"button\" tabindex=\"0\">\n\t\t\t\t\t\t<svg aria-hidden=\"true\" class=\"e-font-icon-svg e-eicon-chevron-left\" viewbox=\"0 0 1000 1000\" xmlns=\"http:\/\/www.w3.org\/2000\/svg\"><path d=\"M646 125C629 125 613 133 604 142L308 442C296 454 292 471 292 487 292 504 296 521 308 533L604 854C617 867 629 875 646 875 663 875 679 871 692 858 704 846 713 829 713 812 713 796 708 779 692 767L438 487 692 225C700 217 708 204 708 187 708 171 704 154 692 142 675 129 663 125 646 125Z\"><\/path><\/svg>\t\t\t\t\t<\/div>\n\t\t\t\t\t<div class=\"elementor-swiper-button elementor-swiper-button-next\" role=\"button\" tabindex=\"0\">\n\t\t\t\t\t\t<svg aria-hidden=\"true\" class=\"e-font-icon-svg e-eicon-chevron-right\" viewbox=\"0 0 1000 1000\" xmlns=\"http:\/\/www.w3.org\/2000\/svg\"><path d=\"M696 533C708 521 713 504 713 487 713 471 708 454 696 446L400 146C388 133 375 125 354 125 338 125 325 129 313 142 300 154 292 171 292 187 292 204 296 221 308 233L563 492 304 771C292 783 288 800 288 817 288 833 296 850 308 863 321 871 338 875 354 875 371 875 388 867 400 854L696 533Z\"><\/path><\/svg>\t\t\t\t\t<\/div>\n\t\t\t\t\n\t\t\t\t\t\t\t\t\t<div class=\"swiper-pagination\"><\/div>\n\t\t\t\t\t\t\t\t\t<\/div>\n\t\t\t\t\t\t<\/div>\n\t\t\t\t<\/div>\n\t\t\t\t\t<\/div>\n\t\t\t\t<\/div>\n\t\t\t\t<\/div>","protected":false},"excerpt":{"rendered":"<p>Destination A 7 mn de vol de Tahiti, vous p\u00e9n\u00e9trez dans la Polyn\u00e9sie d&rsquo;autrefois&#8230;\u00e0 l&rsquo;h\u00f4tel Fenua Mata&rsquo;i&rsquo;oa, le temps s&rsquo;est arr\u00eat\u00e9 sur cette Polyn\u00e9sie dont vous avez r\u00eav\u00e9.Moorea, petit paradis o\u00f9 il fait si bon vivre&#8230; Moorea tient son nom d&rsquo;un grand chef Tahitien.Autrefois, l&rsquo;\u00eele portait \u00e9galement le joli nom d&rsquo;Aimeho qui avait pour signification [&hellip;]<\/p>\n","protected":false},"author":3,"featured_media":0,"parent":1600,"menu_order":0,"comment_status":"closed","ping_status":"closed","template":"","meta":{"_acf_changed":false,"footnotes":""},"class_list":["post-1884","page","type-page","status-publish","hentry"],"acf":[],"yoast_head":"<!-- This site is optimized with the Yoast SEO plugin v27.5 - https:\/\/yoast.com\/product\/yoast-seo-wordpress\/ -->\n<title>MOOREA, PERLE DE LA POLYNESIE - FENUA MATA I OA<\/title>\n<meta name=\"robots\" content=\"index, follow, max-snippet:-1, max-image-preview:large, max-video-preview:-1\" \/>\n<link rel=\"canonical\" href=\"https:\/\/fenua-mataioa.com\/en\/destination\/moorea-perle-de-la-polynesie\/\" \/>\n<meta property=\"og:locale\" content=\"en_US\" \/>\n<meta property=\"og:type\" content=\"article\" \/>\n<meta property=\"og:title\" content=\"MOOREA, PERLE DE LA POLYNESIE - FENUA MATA I OA\" \/>\n<meta property=\"og:description\" content=\"Destination A 7 mn de vol de Tahiti, vous p\u00e9n\u00e9trez dans la Polyn\u00e9sie d&rsquo;autrefois&#8230;\u00e0 l&rsquo;h\u00f4tel Fenua Mata&rsquo;i&rsquo;oa, le temps s&rsquo;est arr\u00eat\u00e9 sur cette Polyn\u00e9sie dont vous avez r\u00eav\u00e9.Moorea, petit paradis o\u00f9 il fait si bon vivre&#8230; Moorea tient son nom d&rsquo;un grand chef Tahitien.Autrefois, l&rsquo;\u00eele portait \u00e9galement le joli nom d&rsquo;Aimeho qui avait pour signification [&hellip;]\" \/>\n<meta property=\"og:url\" content=\"https:\/\/fenua-mataioa.com\/en\/destination\/moorea-perle-de-la-polynesie\/\" \/>\n<meta property=\"og:site_name\" content=\"FENUA MATA I OA\" \/>\n<meta property=\"article:modified_time\" content=\"2024-11-07T02:40:23+00:00\" \/>\n<meta property=\"og:image\" content=\"https:\/\/fenua-mataioa.com\/wp-content\/uploads\/2024\/11\/2-Destination-scaled.jpg\" \/>\n<meta name=\"twitter:card\" content=\"summary_large_image\" \/>\n<meta name=\"twitter:label1\" content=\"Est. reading time\" \/>\n\t<meta name=\"twitter:data1\" content=\"5 minutes\" \/>\n<script type=\"application\/ld+json\" class=\"yoast-schema-graph\">{\"@context\":\"https:\\\/\\\/schema.org\",\"@graph\":[{\"@type\":\"WebPage\",\"@id\":\"https:\\\/\\\/fenua-mataioa.com\\\/destination\\\/moorea-perle-de-la-polynesie\\\/\",\"url\":\"https:\\\/\\\/fenua-mataioa.com\\\/destination\\\/moorea-perle-de-la-polynesie\\\/\",\"name\":\"MOOREA, PERLE DE LA POLYNESIE - FENUA MATA I OA\",\"isPartOf\":{\"@id\":\"https:\\\/\\\/fenua-mataioa.com\\\/#website\"},\"primaryImageOfPage\":{\"@id\":\"https:\\\/\\\/fenua-mataioa.com\\\/destination\\\/moorea-perle-de-la-polynesie\\\/#primaryimage\"},\"image\":{\"@id\":\"https:\\\/\\\/fenua-mataioa.com\\\/destination\\\/moorea-perle-de-la-polynesie\\\/#primaryimage\"},\"thumbnailUrl\":\"https:\\\/\\\/fenua-mataioa.com\\\/wp-content\\\/uploads\\\/2024\\\/11\\\/2-Destination-scaled.jpg\",\"datePublished\":\"2024-11-07T02:31:01+00:00\",\"dateModified\":\"2024-11-07T02:40:23+00:00\",\"breadcrumb\":{\"@id\":\"https:\\\/\\\/fenua-mataioa.com\\\/destination\\\/moorea-perle-de-la-polynesie\\\/#breadcrumb\"},\"inLanguage\":\"en-US\",\"potentialAction\":[{\"@type\":\"ReadAction\",\"target\":[\"https:\\\/\\\/fenua-mataioa.com\\\/destination\\\/moorea-perle-de-la-polynesie\\\/\"]}]},{\"@type\":\"ImageObject\",\"inLanguage\":\"en-US\",\"@id\":\"https:\\\/\\\/fenua-mataioa.com\\\/destination\\\/moorea-perle-de-la-polynesie\\\/#primaryimage\",\"url\":\"https:\\\/\\\/fenua-mataioa.com\\\/wp-content\\\/uploads\\\/2024\\\/11\\\/2-Destination-scaled.jpg\",\"contentUrl\":\"https:\\\/\\\/fenua-mataioa.com\\\/wp-content\\\/uploads\\\/2024\\\/11\\\/2-Destination-scaled.jpg\"},{\"@type\":\"BreadcrumbList\",\"@id\":\"https:\\\/\\\/fenua-mataioa.com\\\/destination\\\/moorea-perle-de-la-polynesie\\\/#breadcrumb\",\"itemListElement\":[{\"@type\":\"ListItem\",\"position\":1,\"name\":\"Accueil\",\"item\":\"https:\\\/\\\/fenua-mataioa.com\\\/\"},{\"@type\":\"ListItem\",\"position\":2,\"name\":\"Destination\",\"item\":\"https:\\\/\\\/fenua-mataioa.com\\\/destination\\\/\"},{\"@type\":\"ListItem\",\"position\":3,\"name\":\"MOOREA, PERLE DE LA POLYNESIE\"}]},{\"@type\":\"WebSite\",\"@id\":\"https:\\\/\\\/fenua-mataioa.com\\\/#website\",\"url\":\"https:\\\/\\\/fenua-mataioa.com\\\/\",\"name\":\"FENUA MATA I OA\",\"description\":\"\",\"publisher\":{\"@id\":\"https:\\\/\\\/fenua-mataioa.com\\\/#organization\"},\"potentialAction\":[{\"@type\":\"SearchAction\",\"target\":{\"@type\":\"EntryPoint\",\"urlTemplate\":\"https:\\\/\\\/fenua-mataioa.com\\\/?s={search_term_string}\"},\"query-input\":{\"@type\":\"PropertyValueSpecification\",\"valueRequired\":true,\"valueName\":\"search_term_string\"}}],\"inLanguage\":\"en-US\"},{\"@type\":\"Organization\",\"@id\":\"https:\\\/\\\/fenua-mataioa.com\\\/#organization\",\"name\":\"FENUA MATA I OA\",\"url\":\"https:\\\/\\\/fenua-mataioa.com\\\/\",\"logo\":{\"@type\":\"ImageObject\",\"inLanguage\":\"en-US\",\"@id\":\"https:\\\/\\\/fenua-mataioa.com\\\/#\\\/schema\\\/logo\\\/image\\\/\",\"url\":\"https:\\\/\\\/fenua-mataioa.com\\\/wp-content\\\/uploads\\\/2020\\\/01\\\/logo.png\",\"contentUrl\":\"https:\\\/\\\/fenua-mataioa.com\\\/wp-content\\\/uploads\\\/2020\\\/01\\\/logo.png\",\"width\":250,\"height\":70,\"caption\":\"FENUA MATA I OA\"},\"image\":{\"@id\":\"https:\\\/\\\/fenua-mataioa.com\\\/#\\\/schema\\\/logo\\\/image\\\/\"}}]}<\/script>\n<!-- \/ Yoast SEO plugin. -->","yoast_head_json":{"title":"MOOREA, PEARL OF POLYNESIA - FENUA MATA I OA","robots":{"index":"index","follow":"follow","max-snippet":"max-snippet:-1","max-image-preview":"max-image-preview:large","max-video-preview":"max-video-preview:-1"},"canonical":"https:\/\/fenua-mataioa.com\/en\/destination\/moorea-perle-de-la-polynesie\/","og_locale":"en_US","og_type":"article","og_title":"MOOREA, PERLE DE LA POLYNESIE - FENUA MATA I OA","og_description":"Destination A 7 mn de vol de Tahiti, vous p\u00e9n\u00e9trez dans la Polyn\u00e9sie d&rsquo;autrefois&#8230;\u00e0 l&rsquo;h\u00f4tel Fenua Mata&rsquo;i&rsquo;oa, le temps s&rsquo;est arr\u00eat\u00e9 sur cette Polyn\u00e9sie dont vous avez r\u00eav\u00e9.Moorea, petit paradis o\u00f9 il fait si bon vivre&#8230; Moorea tient son nom d&rsquo;un grand chef Tahitien.Autrefois, l&rsquo;\u00eele portait \u00e9galement le joli nom d&rsquo;Aimeho qui avait pour signification [&hellip;]","og_url":"https:\/\/fenua-mataioa.com\/en\/destination\/moorea-perle-de-la-polynesie\/","og_site_name":"FENUA MATA I OA","article_modified_time":"2024-11-07T02:40:23+00:00","og_image":[{"url":"https:\/\/fenua-mataioa.com\/wp-content\/uploads\/2024\/11\/2-Destination-scaled.jpg","type":"","width":"","height":""}],"twitter_card":"summary_large_image","twitter_misc":{"Est. reading time":"5 minutes"},"schema":{"@context":"https:\/\/schema.org","@graph":[{"@type":"WebPage","@id":"https:\/\/fenua-mataioa.com\/destination\/moorea-perle-de-la-polynesie\/","url":"https:\/\/fenua-mataioa.com\/destination\/moorea-perle-de-la-polynesie\/","name":"MOOREA, PEARL OF POLYNESIA - FENUA MATA I OA","isPartOf":{"@id":"https:\/\/fenua-mataioa.com\/#website"},"primaryImageOfPage":{"@id":"https:\/\/fenua-mataioa.com\/destination\/moorea-perle-de-la-polynesie\/#primaryimage"},"image":{"@id":"https:\/\/fenua-mataioa.com\/destination\/moorea-perle-de-la-polynesie\/#primaryimage"},"thumbnailUrl":"https:\/\/fenua-mataioa.com\/wp-content\/uploads\/2024\/11\/2-Destination-scaled.jpg","datePublished":"2024-11-07T02:31:01+00:00","dateModified":"2024-11-07T02:40:23+00:00","breadcrumb":{"@id":"https:\/\/fenua-mataioa.com\/destination\/moorea-perle-de-la-polynesie\/#breadcrumb"},"inLanguage":"en-US","potentialAction":[{"@type":"ReadAction","target":["https:\/\/fenua-mataioa.com\/destination\/moorea-perle-de-la-polynesie\/"]}]},{"@type":"ImageObject","inLanguage":"en-US","@id":"https:\/\/fenua-mataioa.com\/destination\/moorea-perle-de-la-polynesie\/#primaryimage","url":"https:\/\/fenua-mataioa.com\/wp-content\/uploads\/2024\/11\/2-Destination-scaled.jpg","contentUrl":"https:\/\/fenua-mataioa.com\/wp-content\/uploads\/2024\/11\/2-Destination-scaled.jpg"},{"@type":"BreadcrumbList","@id":"https:\/\/fenua-mataioa.com\/destination\/moorea-perle-de-la-polynesie\/#breadcrumb","itemListElement":[{"@type":"ListItem","position":1,"name":"Accueil","item":"https:\/\/fenua-mataioa.com\/"},{"@type":"ListItem","position":2,"name":"Destination","item":"https:\/\/fenua-mataioa.com\/destination\/"},{"@type":"ListItem","position":3,"name":"MOOREA, PERLE DE LA POLYNESIE"}]},{"@type":"WebSite","@id":"https:\/\/fenua-mataioa.com\/#website","url":"https:\/\/fenua-mataioa.com\/","name":"FENUA MATA I OA","description":"","publisher":{"@id":"https:\/\/fenua-mataioa.com\/#organization"},"potentialAction":[{"@type":"SearchAction","target":{"@type":"EntryPoint","urlTemplate":"https:\/\/fenua-mataioa.com\/?s={search_term_string}"},"query-input":{"@type":"PropertyValueSpecification","valueRequired":true,"valueName":"search_term_string"}}],"inLanguage":"en-US"},{"@type":"Organization","@id":"https:\/\/fenua-mataioa.com\/#organization","name":"FENUA MATA I OA","url":"https:\/\/fenua-mataioa.com\/","logo":{"@type":"ImageObject","inLanguage":"en-US","@id":"https:\/\/fenua-mataioa.com\/#\/schema\/logo\/image\/","url":"https:\/\/fenua-mataioa.com\/wp-content\/uploads\/2020\/01\/logo.png","contentUrl":"https:\/\/fenua-mataioa.com\/wp-content\/uploads\/2020\/01\/logo.png","width":250,"height":70,"caption":"FENUA MATA I OA"},"image":{"@id":"https:\/\/fenua-mataioa.com\/#\/schema\/logo\/image\/"}}]}},"_links":{"self":[{"href":"https:\/\/fenua-mataioa.com\/en\/wp-json\/wp\/v2\/pages\/1884","targetHints":{"allow":["GET"]}}],"collection":[{"href":"https:\/\/fenua-mataioa.com\/en\/wp-json\/wp\/v2\/pages"}],"about":[{"href":"https:\/\/fenua-mataioa.com\/en\/wp-json\/wp\/v2\/types\/page"}],"author":[{"embeddable":true,"href":"https:\/\/fenua-mataioa.com\/en\/wp-json\/wp\/v2\/users\/3"}],"replies":[{"embeddable":true,"href":"https:\/\/fenua-mataioa.com\/en\/wp-json\/wp\/v2\/comments?post=1884"}],"version-history":[{"count":10,"href":"https:\/\/fenua-mataioa.com\/en\/wp-json\/wp\/v2\/pages\/1884\/revisions"}],"predecessor-version":[{"id":1903,"href":"https:\/\/fenua-mataioa.com\/en\/wp-json\/wp\/v2\/pages\/1884\/revisions\/1903"}],"up":[{"embeddable":true,"href":"https:\/\/fenua-mataioa.com\/en\/wp-json\/wp\/v2\/pages\/1600"}],"wp:attachment":[{"href":"https:\/\/fenua-mataioa.com\/en\/wp-json\/wp\/v2\/media?parent=1884"}],"curies":[{"name":"wp","href":"https:\/\/api.w.org\/{rel}","templated":true}]}}